{"id":669,"date":"2018-10-17T09:16:06","date_gmt":"2018-10-17T09:16:06","guid":{"rendered":"http:\/\/test.dockersbygerli.de\/?page_id=669"},"modified":"2021-09-13T11:36:08","modified_gmt":"2021-09-13T11:36:08","slug":"impressum","status":"publish","type":"page","link":"https:\/\/dockersbygerli.de\/fr\/impressum\/","title":{"rendered":"D\u00e9tails Soci\u00e9t\u00e9"},"content":{"rendered":"<div data-elementor-type=\"wp-post\"   data-elementor-id=\"669\"   class=\"elementor elementor-669 elementor-bc-flex-widget\"  data-elementor-post-type=\"page\">\n\t\t\t\t\t\t<section class=\"elementor-section elementor-top-section elementor-element elementor-element-aca3f16 elementor-section-full_width elementor-section-height-default elementor-section-height-default\"  data-id=\"aca3f16\"  data-element_type=\"section\">\n\t\t\t\t\t\t<div class=\"elementor-container elementor-column-gap-no\">\n\t\t\t\t\t<div class=\"elementor-column elementor-col-100 elementor-top-column elementor-element elementor-element-8b9d698\"  data-id=\"8b9d698\" data-element_type=\"column\">\n\t\t\t<div class=\"elementor-widget-wrap elementor-element-populated\">\n\t\t\t\t\t\t<div class=\"elementor-element elementor-element-3b483c3 elementor-widget elementor-widget-image\"   data-id=\"3b483c3\"   data-element_type=\"widget\"  data-widget_type=\"image.default\">\n\t\t\t\t<div class=\"elementor-widget-container\">\n\t\t\t\t\t\t\t\t\t\t\t\t\t<img fetchpriority=\"high\"   decoding=\"async\"   width=\"3840\"   height=\"690\"   src=\"https:\/\/dockersbygerli.de\/wp-content\/uploads\/2021\/09\/47kp205.jpg\"   class=\"attachment-full size-full wp-image-2262\"   alt=\"\"   srcset=\"https:\/\/dockersbygerli.de\/wp-content\/uploads\/2021\/09\/47kp205.jpg 3840w, https:\/\/dockersbygerli.de\/wp-content\/uploads\/2021\/09\/47kp205-300x54.jpg 300w, https:\/\/dockersbygerli.de\/wp-content\/uploads\/2021\/09\/47kp205-768x138.jpg 768w, https:\/\/dockersbygerli.de\/wp-content\/uploads\/2021\/09\/47kp205-1024x184.jpg 1024w\"  sizes=\"(max-width: 3840px) 100vw, 3840px\" \/>\t\t\t\t\t\t\t\t\t\t\t\t\t<\/div>\n\t\t\t\t<\/div>\n\t\t\t\t\t<\/div>\n\t\t<\/div>\n\t\t\t\t\t<\/div>\n\t\t<\/section>\n\t\t\t\t<section class=\"elementor-section elementor-top-section elementor-element elementor-element-c7a4162 elementor-section-boxed elementor-section-height-default elementor-section-height-default\"   data-id=\"c7a4162\"   data-element_type=\"section\">\n\t\t\t\t\t\t<div class=\"elementor-container elementor-column-gap-default\">\n\t\t\t\t\t<div class=\"elementor-column elementor-col-100 elementor-top-column elementor-element elementor-element-0676121\"   data-id=\"0676121\"  data-element_type=\"column\">\n\t\t\t<div class=\"elementor-widget-wrap elementor-element-populated\">\n\t\t\t\t\t\t<div class=\"elementor-element elementor-element-bb01ec1 elementor-widget elementor-widget-spacer\"   data-id=\"bb01ec1\"  data-element_type=\"widget\" data-widget_type=\"spacer.default\">\n\t\t\t\t<div class=\"elementor-widget-container\">\n\t\t\t\t\t<div class=\"elementor-spacer\">\n\t\t\t<div class=\"elementor-spacer-inner\"><\/div>\n\t\t<\/div>\n\t\t\t\t<\/div>\n\t\t\t\t<\/div>\n\t\t\t\t<div class=\"elementor-element elementor-element-62a143c elementor-widget elementor-widget-text-editor\"   data-id=\"62a143c\"   data-element_type=\"widget\"   data-widget_type=\"text-editor.default\">\n\t\t\t\t<div class=\"elementor-widget-container\">\n\t\t\t\t\t\t\t<h1>D\u00e9tails Soci\u00e9t\u00e9<\/h1><p>\u00a0<\/p><h2>Angaben gem\u00e4\u00df \u00a7 5 TMG:<\/h2><p>Schuh-Import und Export GERLI GmbH<\/p><p>H\u00f6hstra\u00dfe 31<\/p><p>66978 Merzalben<\/p><p>\u00a0<\/p><h2>Vertreten durch:<\/h2><p>Ralf Grossmann, Sven Andersson<\/p><p>\u00a0<\/p><h2>Stock Sale:<\/h2><p>Dockers Stock Sale<\/p><p>Bahnhofstra\u00dfe 3<\/p><p>66981 M\u00fcnchweiler an der Rodalb<\/p><p>Opening Hours<\/p><p>Fr 13:00 &#8211; 18:00 Uhr<\/p><p>Sa 09:30 &#8211; 13:00 Uhr<\/p><p>\u00a0<\/p><h2>Kontakt:<\/h2><p>Telefon: 0 63 95 &#8211; 9 219 0<\/p><p>Telefax: 0 63 95 &#8211; 7 714<\/p><p>E-Mail: info@dockersbygerli.de<\/p><p>\u00a0<\/p><h2>Registereintrag:<\/h2><p>Eintragung im Handelsregister.\u00a0<\/p><p>Registergericht:Pirmasens\u00a0<\/p><p>Registernummer: HRB 22208<\/p><p>\u00a0<\/p><h2>Umsatzsteuer:<\/h2><p>Umsatzsteuer-Identifikationsnummer gem\u00e4\u00df \u00a727 a Umsatzsteuergesetz:<\/p><p>DE 149 598 888<\/p><p>\u00a0<\/p><h2>Streitschlichtung<\/h2><p>Wir sind nicht bereit oder verpflichtet, an Streitbeilegungsverfahren vor einer Verbraucherschlichtungsstelle teilzunehmen.<\/p><p>\u00a0<\/p><h3>Haftung f\u00fcr Inhalte<\/h3><p>Als Diensteanbieter sind wir gem\u00e4\u00df \u00a7 7 Abs.1 TMG f\u00fcr eigene Inhalte auf diesen Seiten nach den allgemeinen Gesetzen verantwortlich. Nach \u00a7\u00a7 8 bis 10 TMG sind wir als Diensteanbieter jedoch nicht verpflichtet, \u00fcbermittelte oder gespeicherte fremde Informationen zu \u00fcberwachen oder nach Umst\u00e4nden zu forschen, die auf eine rechtswidrige T\u00e4tigkeit hinweisen.<\/p><p>Verpflichtungen zur Entfernung oder Sperrung der Nutzung von Informationen nach den allgemeinen Gesetzen bleiben hiervon unber\u00fchrt. Eine diesbez\u00fcgliche Haftung ist jedoch erst ab dem Zeitpunkt der Kenntnis einer konkreten Rechtsverletzung m\u00f6glich. Bei Bekanntwerden von entsprechenden Rechtsverletzungen werden wir diese Inhalte umgehend entfernen.<\/p><h3>Haftung f\u00fcr Links<\/h3><p>Unser Angebot enth\u00e4lt Links zu externen Websites Dritter, auf deren Inhalte wir keinen Einfluss haben. Deshalb k\u00f6nnen wir f\u00fcr diese fremden Inhalte auch keine Gew\u00e4hr \u00fcbernehmen. F\u00fcr die Inhalte der verlinkten Seiten ist stets der jeweilige Anbieter oder Betreiber der Seiten verantwortlich. Die verlinkten Seiten wurden zum Zeitpunkt der Verlinkung auf m\u00f6gliche Rechtsverst\u00f6\u00dfe \u00fcberpr\u00fcft. Rechtswidrige Inhalte waren zum Zeitpunkt der Verlinkung nicht erkennbar.<\/p><p>Eine permanente inhaltliche Kontrolle der verlinkten Seiten ist jedoch ohne konkrete Anhaltspunkte einer Rechtsverletzung nicht zumutbar. Bei Bekanntwerden von Rechtsverletzungen werden wir derartige Links umgehend entfernen.<\/p><h3>Urheberrecht<\/h3><p>Die durch die Seitenbetreiber erstellten Inhalte und Werke auf diesen Seiten unterliegen dem deutschen Urheberrecht. Die Vervielf\u00e4ltigung, Bearbeitung, Verbreitung und jede Art der Verwertung au\u00dferhalb der Grenzen des Urheberrechtes bed\u00fcrfen der schriftlichen Zustimmung des jeweiligen Autors bzw. Erstellers. Downloads und Kopien dieser Seite sind nur f\u00fcr den privaten, nicht kommerziellen Gebrauch gestattet.<\/p><p>Soweit die Inhalte auf dieser Seite nicht vom Betreiber erstellt wurden, werden die Urheberrechte Dritter beachtet. Insbesondere werden Inhalte Dritter als solche gekennzeichnet. Sollten Sie trotzdem auf eine Urheberrechtsverletzung aufmerksam werden, bitten wir um einen entsprechenden Hinweis. Bei Bekanntwerden von Rechtsverletzungen werden wir derartige Inhalte umgehend entfernen.<\/p><p>Copyright 2026 &#8211; OceanWP Theme by Nick<\/p>\t\t\t\t\t\t<\/div>\n\t\t\t\t<\/div>\n\t\t\t\t\t<\/div>\n\t\t<\/div>\n\t\t\t\t\t<\/div>\n\t\t<\/section>\n\t\t\t\t<\/div>","protected":false},"excerpt":{"rendered":"<p>Impressum \u00a0 Angaben gem\u00e4\u00df \u00a7 5 TMG: Schuh-Import und Export GERLI GmbH H\u00f6hstra\u00dfe 31 66978 Merzalben \u00a0 Vertreten durch: Ralf Grossmann, Sven Andersson \u00a0 Stock Sale: Dockers Stock Sale Bahnhofstra\u00dfe 3 66981 M\u00fcnchweiler an der Rodalb Opening Hours Fr 13:00 &#8211; 18:00 Uhr Sa 09:30 &#8211; 13:00 Uhr \u00a0 Kontakt: Telefon: 0 63 95 &#8211; [&hellip;]<\/p>","protected":false},"author":8,"featured_media":0,"parent":0,"menu_order":0,"comment_status":"closed","ping_status":"closed","template":"","meta":{"ocean_post_layout":"full-screen","ocean_both_sidebars_style":"","ocean_both_sidebars_content_width":0,"ocean_both_sidebars_sidebars_width":0,"ocean_sidebar":"0","ocean_second_sidebar":"0","ocean_disable_margins":"enable","ocean_add_body_class":"","ocean_shortcode_before_top_bar":"","ocean_shortcode_after_top_bar":"","ocean_shortcode_before_header":"","ocean_shortcode_after_header":"","ocean_has_shortcode":"","ocean_shortcode_after_title":"","ocean_shortcode_before_footer_widgets":"","ocean_shortcode_after_footer_widgets":"","ocean_shortcode_before_footer_bottom":"","ocean_shortcode_after_footer_bottom":"","ocean_display_top_bar":"default","ocean_display_header":"default","ocean_header_style":"","ocean_center_header_left_menu":"0","ocean_custom_header_template":"0","ocean_custom_logo":0,"ocean_custom_retina_logo":0,"ocean_custom_logo_max_width":0,"ocean_custom_logo_tablet_max_width":0,"ocean_custom_logo_mobile_max_width":0,"ocean_custom_logo_max_height":0,"ocean_custom_logo_tablet_max_height":0,"ocean_custom_logo_mobile_max_height":0,"ocean_header_custom_menu":"0","ocean_menu_typo_font_family":"0","ocean_menu_typo_font_subset":"","ocean_menu_typo_font_size":0,"ocean_menu_typo_font_size_tablet":0,"ocean_menu_typo_font_size_mobile":0,"ocean_menu_typo_font_size_unit":"px","ocean_menu_typo_font_weight":"","ocean_menu_typo_font_weight_tablet":"","ocean_menu_typo_font_weight_mobile":"","ocean_menu_typo_transform":"","ocean_menu_typo_transform_tablet":"","ocean_menu_typo_transform_mobile":"","ocean_menu_typo_line_height":0,"ocean_menu_typo_line_height_tablet":0,"ocean_menu_typo_line_height_mobile":0,"ocean_menu_typo_line_height_unit":"","ocean_menu_typo_spacing":0,"ocean_menu_typo_spacing_tablet":0,"ocean_menu_typo_spacing_mobile":0,"ocean_menu_typo_spacing_unit":"","ocean_menu_link_color":"","ocean_menu_link_color_hover":"","ocean_menu_link_color_active":"","ocean_menu_link_background":"","ocean_menu_link_hover_background":"","ocean_menu_link_active_background":"","ocean_menu_social_links_bg":"","ocean_menu_social_hover_links_bg":"","ocean_menu_social_links_color":"","ocean_menu_social_hover_links_color":"","ocean_disable_title":"on","ocean_disable_heading":"default","ocean_post_title":"","ocean_post_subheading":"","ocean_post_title_style":"","ocean_post_title_background_color":"","ocean_post_title_background":0,"ocean_post_title_bg_image_position":"","ocean_post_title_bg_image_attachment":"","ocean_post_title_bg_image_repeat":"","ocean_post_title_bg_image_size":"","ocean_post_title_height":0,"ocean_post_title_bg_overlay":0.5,"ocean_post_title_bg_overlay_color":"","ocean_disable_breadcrumbs":"default","ocean_breadcrumbs_color":"","ocean_breadcrumbs_separator_color":"","ocean_breadcrumbs_links_color":"","ocean_breadcrumbs_links_hover_color":"","ocean_display_footer_widgets":"default","ocean_display_footer_bottom":"default","ocean_custom_footer_template":"0","footnotes":""},"_links":{"self":[{"href":"https:\/\/dockersbygerli.de\/fr\/wp-json\/wp\/v2\/pages\/669"}],"collection":[{"href":"https:\/\/dockersbygerli.de\/fr\/wp-json\/wp\/v2\/pages"}],"about":[{"href":"https:\/\/dockersbygerli.de\/fr\/wp-json\/wp\/v2\/types\/page"}],"author":[{"embeddable":true,"href":"https:\/\/dockersbygerli.de\/fr\/wp-json\/wp\/v2\/users\/8"}],"replies":[{"embeddable":true,"href":"https:\/\/dockersbygerli.de\/fr\/wp-json\/wp\/v2\/comments?post=669"}],"version-history":[{"count":17,"href":"https:\/\/dockersbygerli.de\/fr\/wp-json\/wp\/v2\/pages\/669\/revisions"}],"predecessor-version":[{"id":2312,"href":"https:\/\/dockersbygerli.de\/fr\/wp-json\/wp\/v2\/pages\/669\/revisions\/2312"}],"wp:attachment":[{"href":"https:\/\/dockersbygerli.de\/fr\/wp-json\/wp\/v2\/media?parent=669"}],"curies":[{"name":"wp","href":"https:\/\/api.w.org\/{rel}","templated":true}]}}