{"id":16,"date":"2018-09-06T08:49:42","date_gmt":"2018-09-06T08:49:42","guid":{"rendered":"http:\/\/test.dockersbygerli.de\/?page_id=16"},"modified":"2022-03-01T15:23:21","modified_gmt":"2022-03-01T15:23:21","slug":"historie","status":"publish","type":"page","link":"https:\/\/dockersbygerli.de\/fr\/historie\/","title":{"rendered":"HISTOIRE"},"content":{"rendered":"<div data-elementor-type=\"wp-post\"  data-elementor-id=\"16\"  class=\"elementor elementor-16\"  data-elementor-post-type=\"page\">\n\t\t\t\t\t\t<section class=\"elementor-section elementor-top-section elementor-element elementor-element-162fc47 elementor-section-full_width elementor-section-height-default elementor-section-height-default\"  data-id=\"162fc47\"  data-element_type=\"section\">\n\t\t\t\t\t\t<div class=\"elementor-container elementor-column-gap-no\">\n\t\t\t\t\t<div class=\"elementor-column elementor-col-100 elementor-top-column elementor-element elementor-element-dfcd383\"   data-id=\"dfcd383\"  data-element_type=\"column\">\n\t\t\t<div class=\"elementor-widget-wrap elementor-element-populated\">\n\t\t\t\t\t\t<div class=\"elementor-element elementor-element-a54daad elementor-widget elementor-widget-image\"   data-id=\"a54daad\"   data-element_type=\"widget\" data-widget_type=\"image.default\">\n\t\t\t\t<div class=\"elementor-widget-container\">\n\t\t\t\t\t\t\t\t\t\t\t\t\t<img fetchpriority=\"high\"   decoding=\"async\"   width=\"3840\"   height=\"690\"   src=\"https:\/\/dockersbygerli.de\/wp-content\/uploads\/2021\/09\/43ea001.jpg\"   class=\"attachment-full size-full wp-image-2258\"   alt=\"\"   srcset=\"https:\/\/dockersbygerli.de\/wp-content\/uploads\/2021\/09\/43ea001.jpg 3840w, https:\/\/dockersbygerli.de\/wp-content\/uploads\/2021\/09\/43ea001-300x54.jpg 300w, https:\/\/dockersbygerli.de\/wp-content\/uploads\/2021\/09\/43ea001-768x138.jpg 768w, https:\/\/dockersbygerli.de\/wp-content\/uploads\/2021\/09\/43ea001-1024x184.jpg 1024w\"  sizes=\"(max-width: 3840px) 100vw, 3840px\" \/>\t\t\t\t\t\t\t\t\t\t\t\t\t<\/div>\n\t\t\t\t<\/div>\n\t\t\t\t\t<\/div>\n\t\t<\/div>\n\t\t\t\t\t<\/div>\n\t\t<\/section>\n\t\t\t\t<section class=\"elementor-section elementor-top-section elementor-element elementor-element-54167e9e elementor-section-boxed elementor-section-height-default elementor-section-height-default\"   data-id=\"54167e9e\"   data-element_type=\"section\"   data-settings=\"{&quot;background_background&quot;:&quot;classic&quot;}\">\n\t\t\t\t\t\t<div class=\"elementor-container elementor-column-gap-default\">\n\t\t\t\t\t<div class=\"elementor-column elementor-col-100 elementor-top-column elementor-element elementor-element-7bcb988b\"   data-id=\"7bcb988b\"  data-element_type=\"column\">\n\t\t\t<div class=\"elementor-widget-wrap elementor-element-populated\">\n\t\t\t\t\t\t<div class=\"elementor-element elementor-element-d59ff8e elementor-widget elementor-widget-heading\"   data-id=\"d59ff8e\"  data-element_type=\"widget\" data-widget_type=\"heading.default\">\n\t\t\t\t<div class=\"elementor-widget-container\">\n\t\t\t<h3 class=\"elementor-heading-title elementor-size-large\">1973 \u00c0 AUJOURD\u2019HUI<\/h3>\t\t<\/div>\n\t\t\t\t<\/div>\n\t\t\t\t<section class=\"elementor-section elementor-inner-section elementor-element elementor-element-2a8dcbcd elementor-section-height-min-height elementor-section-content-middle elementor-section-boxed elementor-section-height-default\"   data-id=\"2a8dcbcd\"   data-element_type=\"section\"   data-settings=\"{&quot;background_background&quot;:&quot;classic&quot;}\">\n\t\t\t\t\t\t<div class=\"elementor-container elementor-column-gap-no\">\n\t\t\t\t\t<div class=\"elementor-column elementor-col-50 elementor-inner-column elementor-element elementor-element-3debe0b\"   data-id=\"3debe0b\"   data-element_type=\"column\"   data-settings=\"{&quot;background_background&quot;:&quot;classic&quot;}\">\n\t\t\t<div class=\"elementor-widget-wrap elementor-element-populated\">\n\t\t\t\t\t\t<div class=\"elementor-element elementor-element-5082781 elementor-widget elementor-widget-image\"   data-id=\"5082781\"  data-element_type=\"widget\" data-widget_type=\"image.default\">\n\t\t\t\t<div class=\"elementor-widget-container\">\n\t\t\t\t\t\t\t\t\t\t\t\t\t<img decoding=\"async\"   width=\"300\"   height=\"300\"   src=\"https:\/\/dockersbygerli.de\/wp-content\/uploads\/2020\/05\/24DC001-180320_large-300x300.png\"   class=\"attachment-medium size-medium wp-image-1846\"   alt=\"\"   srcset=\"https:\/\/dockersbygerli.de\/wp-content\/uploads\/2020\/05\/24DC001-180320_large-300x300.png 300w, https:\/\/dockersbygerli.de\/wp-content\/uploads\/2020\/05\/24DC001-180320_large-150x150.png 150w, https:\/\/dockersbygerli.de\/wp-content\/uploads\/2020\/05\/24DC001-180320_large-768x768.png 768w, https:\/\/dockersbygerli.de\/wp-content\/uploads\/2020\/05\/24DC001-180320_large-1024x1024.png 1024w, https:\/\/dockersbygerli.de\/wp-content\/uploads\/2020\/05\/24DC001-180320_large.png 2000w\"  sizes=\"(max-width: 300px) 100vw, 300px\" \/>\t\t\t\t\t\t\t\t\t\t\t\t\t<\/div>\n\t\t\t\t<\/div>\n\t\t\t\t\t<\/div>\n\t\t<\/div>\n\t\t\t\t<div class=\"elementor-column elementor-col-50 elementor-inner-column elementor-element elementor-element-1851bbd9\"   data-id=\"1851bbd9\"   data-element_type=\"column\">\n\t\t\t<div class=\"elementor-widget-wrap elementor-element-populated\">\n\t\t\t\t\t\t<div class=\"elementor-element elementor-element-444034cf elementor-widget elementor-widget-text-editor\"   data-id=\"444034cf\"   data-element_type=\"widget\"   data-widget_type=\"text-editor.default\">\n\t\t\t\t<div class=\"elementor-widget-container\">\n\t\t\t\t\t\t\t<p>Tout a commenc\u00e9 \u00e0 Merzalben, un village en plein milieu de la for\u00eat palatine, \u00e0 dix minutes de la c\u00e9l\u00e8bre \u00ab ville de la chaussure \u00bb Pirmasens. G\u00f6sta Andersson et Bruno Heim produisent et vendent tous deux des chaussures depuis de nombreuses ann\u00e9es, et ils ont compris les codes de l\u2019\u00e9poque : tout le monde voulait des chaussures de DOCKER, ces mocassins d\u00e9contract\u00e9s, souples et r\u00e9sistants, traditionnellement port\u00e9s par les DOCKER sur des bateaux. Gerli GmbH a d\u00e9cid\u00e9 de reprendre cette tendance. En 1985, ils ont con\u00e7u et produit pour la premi\u00e8re fois des slip-ons en cuir pour hommes. L\u2019objectif \u00e9tait d\u2019offrir un produit tendance que tout le monde pouvait se permettre de porter : des \u00ab dockers \u00bb. Par cons\u00e9quent, l\u2019accent a \u00e9t\u00e9 clairement mis sur le rapport co\u00fbts-tendance \u2013 sans n\u00e9gliger la qualit\u00e9.<\/p>\t\t\t\t\t\t<\/div>\n\t\t\t\t<\/div>\n\t\t\t\t\t<\/div>\n\t\t<\/div>\n\t\t\t\t\t<\/div>\n\t\t<\/section>\n\t\t\t\t<section class=\"elementor-section elementor-inner-section elementor-element elementor-element-949f802 elementor-section-height-min-height elementor-section-content-middle elementor-section-boxed elementor-section-height-default\"   data-id=\"949f802\"   data-element_type=\"section\"   data-settings=\"{&quot;background_background&quot;:&quot;classic&quot;}\">\n\t\t\t\t\t\t<div class=\"elementor-container elementor-column-gap-no\">\n\t\t\t\t\t<div class=\"elementor-column elementor-col-50 elementor-inner-column elementor-element elementor-element-dc95044\"   data-id=\"dc95044\" data-element_type=\"column\">\n\t\t\t<div class=\"elementor-widget-wrap elementor-element-populated\">\n\t\t\t\t\t\t<div class=\"elementor-element elementor-element-be05f5a elementor-widget elementor-widget-text-editor\"   data-id=\"be05f5a\"  data-element_type=\"widget\" data-widget_type=\"text-editor.default\">\n\t\t\t\t<div class=\"elementor-widget-container\">\n\t\t\t\t\t\t\t<p>La perc\u00e9e de la marque, cependant, a \u00e9t\u00e9 marqu\u00e9e par un autre type de chaussures : les c\u00e9l\u00e8bres Boots Dockers. Ils sont devenus embl\u00e9matiques, par leur coloris \u00ab ma\u00efs vif jaune \u00bb ou \u00ab brun chocolat \u00bb et son look rappelant les boots d\u2019alpinisme. Les premi\u00e8res bottes Dockers ont \u00e9t\u00e9 produites dans des usines au Portugal et en Espagne. Leur conception GOODYEAR les a rendues sp\u00e9cialement r\u00e9sistantes. La semelle n\u2019est pas seulement coll\u00e9e \u00e0 la partie sup\u00e9rieure de la chaussure, comme c\u2019est habituellement le cas, mais c\u2019est tout l\u2019ensemble de la chaussure (la semelle, le cadre et le dessus) qui sont cousus ensemble. Aujourd\u2019hui, la collection est r\u00e9interpr\u00e9t\u00e9e presque chaque ann\u00e9e par les concepteurs et designers Dockers, avec de nouvelles mati\u00e8res et de nouveaux et d\u00e9tails. Mais le caract\u00e8re d\u2019origine de la marque est pr\u00e9serv\u00e9 et les bottes Dockers sont toujours reconnaissables entre toutes.<\/p>\t\t\t\t\t\t<\/div>\n\t\t\t\t<\/div>\n\t\t\t\t\t<\/div>\n\t\t<\/div>\n\t\t\t\t<div class=\"elementor-column elementor-col-50 elementor-inner-column elementor-element elementor-element-dbf351e\"   data-id=\"dbf351e\"   data-element_type=\"column\"   data-settings=\"{&quot;background_background&quot;:&quot;classic&quot;}\">\n\t\t\t<div class=\"elementor-widget-wrap elementor-element-populated\">\n\t\t\t\t\t\t<div class=\"elementor-element elementor-element-7fb6bb2 elementor-widget elementor-widget-image\"   data-id=\"7fb6bb2\"   data-element_type=\"widget\"  data-widget_type=\"image.default\">\n\t\t\t\t<div class=\"elementor-widget-container\">\n\t\t\t\t\t\t\t\t\t\t\t\t\t<img decoding=\"async\"   width=\"300\"   height=\"300\"   src=\"https:\/\/dockersbygerli.de\/wp-content\/uploads\/2020\/05\/35VE106-300910_large-300x300.png\"   class=\"attachment-medium size-medium wp-image-1845\"   alt=\"\"   srcset=\"https:\/\/dockersbygerli.de\/wp-content\/uploads\/2020\/05\/35VE106-300910_large-300x300.png 300w, https:\/\/dockersbygerli.de\/wp-content\/uploads\/2020\/05\/35VE106-300910_large-150x150.png 150w, https:\/\/dockersbygerli.de\/wp-content\/uploads\/2020\/05\/35VE106-300910_large-768x768.png 768w, https:\/\/dockersbygerli.de\/wp-content\/uploads\/2020\/05\/35VE106-300910_large-1024x1024.png 1024w, https:\/\/dockersbygerli.de\/wp-content\/uploads\/2020\/05\/35VE106-300910_large.png 2000w\"  sizes=\"(max-width: 300px) 100vw, 300px\" \/>\t\t\t\t\t\t\t\t\t\t\t\t\t<\/div>\n\t\t\t\t<\/div>\n\t\t\t\t\t<\/div>\n\t\t<\/div>\n\t\t\t\t\t<\/div>\n\t\t<\/section>\n\t\t\t\t<section class=\"elementor-section elementor-inner-section elementor-element elementor-element-d3cb499 elementor-section-height-min-height elementor-section-content-middle elementor-section-boxed elementor-section-height-default\"   data-id=\"d3cb499\"   data-element_type=\"section\"   data-settings=\"{&quot;background_background&quot;:&quot;classic&quot;}\">\n\t\t\t\t\t\t<div class=\"elementor-container elementor-column-gap-no\">\n\t\t\t\t\t<div class=\"elementor-column elementor-col-50 elementor-inner-column elementor-element elementor-element-214950a\"   data-id=\"214950a\"   data-element_type=\"column\"   data-settings=\"{&quot;background_background&quot;:&quot;classic&quot;}\">\n\t\t\t<div class=\"elementor-widget-wrap elementor-element-populated\">\n\t\t\t\t\t\t<div class=\"elementor-element elementor-element-5903549 elementor-widget elementor-widget-image\"   data-id=\"5903549\"  data-element_type=\"widget\" data-widget_type=\"image.default\">\n\t\t\t\t<div class=\"elementor-widget-container\" >\n\t\t\t\t\t\t\t\t\t\t\t\t\t<img loading=\"lazy\"   decoding=\"async\"   width=\"300\"   height=\"300\"   src=\"https:\/\/dockersbygerli.de\/wp-content\/uploads\/2020\/05\/45AT202-150100_large-300x300.png\"   class=\"attachment-medium size-medium wp-image-1844\"   alt=\"\"   srcset=\"https:\/\/dockersbygerli.de\/wp-content\/uploads\/2020\/05\/45AT202-150100_large-300x300.png 300w, https:\/\/dockersbygerli.de\/wp-content\/uploads\/2020\/05\/45AT202-150100_large-150x150.png 150w, https:\/\/dockersbygerli.de\/wp-content\/uploads\/2020\/05\/45AT202-150100_large-768x768.png 768w, https:\/\/dockersbygerli.de\/wp-content\/uploads\/2020\/05\/45AT202-150100_large-1024x1024.png 1024w, https:\/\/dockersbygerli.de\/wp-content\/uploads\/2020\/05\/45AT202-150100_large.png 2000w\"   sizes=\"(max-width: 300px) 100vw, 300px\" \/>\t\t\t\t\t\t\t\t\t\t\t\t\t<\/div>\n\t\t\t\t<\/div>\n\t\t\t\t\t<\/div>\n\t\t<\/div>\n\t\t\t\t<div class=\"elementor-column elementor-col-50 elementor-inner-column elementor-element elementor-element-5b1f972\"   data-id=\"5b1f972\"   data-element_type=\"column\">\n\t\t\t<div class=\"elementor-widget-wrap elementor-element-populated\">\n\t\t\t\t\t\t<div class=\"elementor-element elementor-element-4b21f75 elementor-widget elementor-widget-text-editor\"   data-id=\"4b21f75\"   data-element_type=\"widget\"   data-widget_type=\"text-editor.default\">\n\t\t\t\t<div class=\"elementor-widget-container\">\n\t\t\t\t\t\t\t<p class=\" translation-block\">Peu \u00e0 peu, les collections et les styles ont \u00e9t\u00e9 \u00e9largis et perfectionn\u00e9s. Initialement, l\u2019accent a \u00e9t\u00e9 port\u00e9 sur des mod\u00e8les unisexes, par la suite, la marque a d\u00e9velopp\u00e9 une collection d\u00e9di\u00e9e \u00e0 la femme puis une collection de chaussures sp\u00e9cifique pour enfants. Aujourd\u2019hui, Dockers by Gerli est synonyme de chaussures sportives, \u00e0 la mode avec un souci permanent du d\u00e9tail : une couture d\u00e9corative suppl\u00e9mentaire par ici, un rivet par l\u00e0. Les tendances ont \u00e9t\u00e9 reprises et perp\u00e9tuellement mises en \u0153uvre pour correspondre \u00e0 l\u2019essence de la marque. Ces derni\u00e8res ann\u00e9es, des membranes brevet\u00e9s ont \u00e9t\u00e9 ajout\u00e9es, Docktex et Sympatex, qui rendent les chaussures d\u2019hiver \u00e9tanches et imperm\u00e9ables \u00e0 l\u2019eau, tout en laissant le pied respirer. La technologie Soft Insock, une semelle particuli\u00e8rement douce, est \u00e9galement une nouveaut\u00e9 brevet\u00e9e.<\/p>\t\t\t\t\t\t<\/div>\n\t\t\t\t<\/div>\n\t\t\t\t\t<\/div>\n\t\t<\/div>\n\t\t\t\t\t<\/div>\n\t\t<\/section>\n\t\t\t\t\t<\/div>\n\t\t<\/div>\n\t\t\t\t\t<\/div>\n\t\t<\/section>\n\t\t\t\t<section class=\"elementor-section elementor-top-section elementor-element elementor-element-869836b elementor-section-boxed elementor-section-height-default elementor-section-height-default\"   data-id=\"869836b\"   data-element_type=\"section\">\n\t\t\t\t\t\t<div class=\"elementor-container elementor-column-gap-default\">\n\t\t\t\t\t<div class=\"elementor-column elementor-col-25 elementor-top-column elementor-element elementor-element-1d3bf03\"   data-id=\"1d3bf03\"  data-element_type=\"column\">\n\t\t\t<div class=\"elementor-widget-wrap elementor-element-populated\">\n\t\t\t\t\t\t<div class=\"elementor-element elementor-element-b757761 elementor-widget elementor-widget-image\"   data-id=\"b757761\"   data-element_type=\"widget\" data-widget_type=\"image.default\">\n\t\t\t\t<div class=\"elementor-widget-container\">\n\t\t\t\t\t\t\t\t\t\t\t\t\t<img loading=\"lazy\"   decoding=\"async\"   width=\"300\"   height=\"231\"   src=\"https:\/\/dockersbygerli.de\/wp-content\/uploads\/2018\/10\/Dockers-by-Gerli-Logo-black-Text--300x231.png\"   class=\"attachment-medium size-medium wp-image-777\"   alt=\"Logo Dockers by Gerli\"   srcset=\"https:\/\/dockersbygerli.de\/wp-content\/uploads\/2018\/10\/Dockers-by-Gerli-Logo-black-Text--300x231.png 300w, https:\/\/dockersbygerli.de\/wp-content\/uploads\/2018\/10\/Dockers-by-Gerli-Logo-black-Text--768x592.png 768w, https:\/\/dockersbygerli.de\/wp-content\/uploads\/2018\/10\/Dockers-by-Gerli-Logo-black-Text--1024x789.png 1024w, https:\/\/dockersbygerli.de\/wp-content\/uploads\/2018\/10\/Dockers-by-Gerli-Logo-black-Text-.png 1245w\"  sizes=\"(max-width: 300px) 100vw, 300px\" \/>\t\t\t\t\t\t\t\t\t\t\t\t\t<\/div>\n\t\t\t\t<\/div>\n\t\t\t\t\t<\/div>\n\t\t<\/div>\n\t\t\t\t<div class=\"elementor-column elementor-col-25 elementor-top-column elementor-element elementor-element-3561d74\"   data-id=\"3561d74\"   data-element_type=\"column\">\n\t\t\t<div class=\"elementor-widget-wrap elementor-element-populated\">\n\t\t\t\t\t\t<div class=\"elementor-element elementor-element-8e91992 elementor-widget elementor-widget-image\"   data-id=\"8e91992\"   data-element_type=\"widget\"  data-widget_type=\"image.default\">\n\t\t\t\t<div class=\"elementor-widget-container\">\n\t\t\t\t\t\t\t\t\t\t\t\t\t<img loading=\"lazy\"   decoding=\"async\"   width=\"472\"   height=\"591\"   src=\"https:\/\/dockersbygerli.de\/wp-content\/uploads\/2018\/10\/Tag6_hightech.jpg\"   class=\"attachment-large size-large wp-image-472\"   alt=\"\"   srcset=\"https:\/\/dockersbygerli.de\/wp-content\/uploads\/2018\/10\/Tag6_hightech.jpg 472w, https:\/\/dockersbygerli.de\/wp-content\/uploads\/2018\/10\/Tag6_hightech-240x300.jpg 240w\"  sizes=\"(max-width: 472px) 100vw, 472px\" \/>\t\t\t\t\t\t\t\t\t\t\t\t\t<\/div>\n\t\t\t\t<\/div>\n\t\t\t\t\t<\/div>\n\t\t<\/div>\n\t\t\t\t<div class=\"elementor-column elementor-col-25 elementor-top-column elementor-element elementor-element-68d1cc2\"   data-id=\"68d1cc2\"   data-element_type=\"column\">\n\t\t\t<div class=\"elementor-widget-wrap elementor-element-populated\">\n\t\t\t\t\t\t<div class=\"elementor-element elementor-element-6fbda69 elementor-widget elementor-widget-image\"   data-id=\"6fbda69\"   data-element_type=\"widget\"  data-widget_type=\"image.default\">\n\t\t\t\t<div class=\"elementor-widget-container\">\n\t\t\t\t\t\t\t\t\t\t\t\t\t<img loading=\"lazy\"   decoding=\"async\"   width=\"422\"   height=\"520\"   src=\"https:\/\/dockersbygerli.de\/wp-content\/uploads\/2019\/04\/Soft_Insole.jpg\"   class=\"attachment-large size-large wp-image-1495\"   alt=\"\"   srcset=\"https:\/\/dockersbygerli.de\/wp-content\/uploads\/2019\/04\/Soft_Insole.jpg 422w, https:\/\/dockersbygerli.de\/wp-content\/uploads\/2019\/04\/Soft_Insole-243x300.jpg 243w\"  sizes=\"(max-width: 422px) 100vw, 422px\" \/>\t\t\t\t\t\t\t\t\t\t\t\t\t<\/div>\n\t\t\t\t<\/div>\n\t\t\t\t\t<\/div>\n\t\t<\/div>\n\t\t\t\t<div class=\"elementor-column elementor-col-25 elementor-top-column elementor-element elementor-element-5c099b3\"   data-id=\"5c099b3\"   data-element_type=\"column\">\n\t\t\t<div class=\"elementor-widget-wrap elementor-element-populated\">\n\t\t\t\t\t\t<div class=\"elementor-element elementor-element-3e4e125 elementor-widget elementor-widget-image\"   data-id=\"3e4e125\"   data-element_type=\"widget\"   data-widget_type=\"image.default\">\n\t\t\t\t<div class=\"elementor-widget-container\">\n\t\t\t\t\t\t\t\t\t\t\t\t\t<img loading=\"lazy\"   decoding=\"async\"   width=\"818\"   height=\"400\"   src=\"https:\/\/dockersbygerli.de\/wp-content\/uploads\/2018\/10\/heute_logo_4.jpg\"   class=\"attachment-large size-large wp-image-425\"   alt=\"\"   srcset=\"https:\/\/dockersbygerli.de\/wp-content\/uploads\/2018\/10\/heute_logo_4.jpg 818w, https:\/\/dockersbygerli.de\/wp-content\/uploads\/2018\/10\/heute_logo_4-300x147.jpg 300w, https:\/\/dockersbygerli.de\/wp-content\/uploads\/2018\/10\/heute_logo_4-768x376.jpg 768w\"  sizes=\"(max-width: 818px) 100vw, 818px\" \/>\t\t\t\t\t\t\t\t\t\t\t\t\t<\/div>\n\t\t\t\t<\/div>\n\t\t\t\t\t<\/div>\n\t\t<\/div>\n\t\t\t\t\t<\/div>\n\t\t<\/section>\n\t\t\t\t<section class=\"elementor-section elementor-top-section elementor-element elementor-element-6334048 elementor-section-boxed elementor-section-height-default elementor-section-height-default\"   data-id=\"6334048\"   data-element_type=\"section\">\n\t\t\t\t\t\t<div class=\"elementor-container elementor-column-gap-default\">\n\t\t\t\t\t<div class=\"elementor-column elementor-col-100 elementor-top-column elementor-element elementor-element-7a26fd7\"   data-id=\"7a26fd7\"  data-element_type=\"column\">\n\t\t\t<div class=\"elementor-widget-wrap elementor-element-populated\">\n\t\t\t\t\t\t<div class=\"elementor-element elementor-element-4e04917 elementor-widget elementor-widget-spacer\"   data-id=\"4e04917\"  data-element_type=\"widget\" data-widget_type=\"spacer.default\">\n\t\t\t\t<div class=\"elementor-widget-container\">\n\t\t\t\t\t<div class=\"elementor-spacer\">\n\t\t\t<div class=\"elementor-spacer-inner\"><\/div>\n\t\t<\/div>\n\t\t\t\t<\/div>\n\t\t\t\t<\/div>\n\t\t\t\t\t<\/div>\n\t\t<\/div>\n\t\t\t\t\t<\/div>\n\t\t<\/section>\n\t\t\t\t<\/div>","protected":false},"excerpt":{"rendered":"<p>1973 &#8211; Heute Angefangen hat alles in Merzalben, einem kleinen Ort mitten im Pf\u00e4lzer Wald und keine zehn Minuten entfernt von der Schuhstadt Pirmasens. G\u00f6sta Andersson und Bruno Heim, beide seit vielen Jahren in der Schuhindustrie und dem Schuhverkauf aktiv, hatten die Zeichen der Zeit erkannt: Alle Welt wollte Mitte der 80er Docksider Schuhe, die [&hellip;]<\/p>","protected":false},"author":8,"featured_media":0,"parent":0,"menu_order":0,"comment_status":"closed","ping_status":"closed","template":"","meta":{"ocean_post_layout":"full-screen","ocean_both_sidebars_style":"","ocean_both_sidebars_content_width":0,"ocean_both_sidebars_sidebars_width":0,"ocean_sidebar":"0","ocean_second_sidebar":"0","ocean_disable_margins":"enable","ocean_add_body_class":"","ocean_shortcode_before_top_bar":"","ocean_shortcode_after_top_bar":"","ocean_shortcode_before_header":"","ocean_shortcode_after_header":"","ocean_has_shortcode":"","ocean_shortcode_after_title":"","ocean_shortcode_before_footer_widgets":"","ocean_shortcode_after_footer_widgets":"","ocean_shortcode_before_footer_bottom":"","ocean_shortcode_after_footer_bottom":"","ocean_display_top_bar":"default","ocean_display_header":"default","ocean_header_style":"","ocean_center_header_left_menu":"0","ocean_custom_header_template":"0","ocean_custom_logo":0,"ocean_custom_retina_logo":0,"ocean_custom_logo_max_width":0,"ocean_custom_logo_tablet_max_width":0,"ocean_custom_logo_mobile_max_width":0,"ocean_custom_logo_max_height":0,"ocean_custom_logo_tablet_max_height":0,"ocean_custom_logo_mobile_max_height":0,"ocean_header_custom_menu":"0","ocean_menu_typo_font_family":"0","ocean_menu_typo_font_subset":"","ocean_menu_typo_font_size":0,"ocean_menu_typo_font_size_tablet":0,"ocean_menu_typo_font_size_mobile":0,"ocean_menu_typo_font_size_unit":"px","ocean_menu_typo_font_weight":"","ocean_menu_typo_font_weight_tablet":"","ocean_menu_typo_font_weight_mobile":"","ocean_menu_typo_transform":"","ocean_menu_typo_transform_tablet":"","ocean_menu_typo_transform_mobile":"","ocean_menu_typo_line_height":0,"ocean_menu_typo_line_height_tablet":0,"ocean_menu_typo_line_height_mobile":0,"ocean_menu_typo_line_height_unit":"","ocean_menu_typo_spacing":0,"ocean_menu_typo_spacing_tablet":0,"ocean_menu_typo_spacing_mobile":0,"ocean_menu_typo_spacing_unit":"","ocean_menu_link_color":"","ocean_menu_link_color_hover":"","ocean_menu_link_color_active":"","ocean_menu_link_background":"","ocean_menu_link_hover_background":"","ocean_menu_link_active_background":"","ocean_menu_social_links_bg":"","ocean_menu_social_hover_links_bg":"","ocean_menu_social_links_color":"","ocean_menu_social_hover_links_color":"","ocean_disable_title":"on","ocean_disable_heading":"default","ocean_post_title":"","ocean_post_subheading":"","ocean_post_title_style":"","ocean_post_title_background_color":"","ocean_post_title_background":0,"ocean_post_title_bg_image_position":"","ocean_post_title_bg_image_attachment":"","ocean_post_title_bg_image_repeat":"","ocean_post_title_bg_image_size":"","ocean_post_title_height":0,"ocean_post_title_bg_overlay":0.5,"ocean_post_title_bg_overlay_color":"","ocean_disable_breadcrumbs":"default","ocean_breadcrumbs_color":"","ocean_breadcrumbs_separator_color":"","ocean_breadcrumbs_links_color":"","ocean_breadcrumbs_links_hover_color":"","ocean_display_footer_widgets":"default","ocean_display_footer_bottom":"default","ocean_custom_footer_template":"0","footnotes":""},"_links":{"self":[{"href":"https:\/\/dockersbygerli.de\/fr\/wp-json\/wp\/v2\/pages\/16"}],"collection":[{"href":"https:\/\/dockersbygerli.de\/fr\/wp-json\/wp\/v2\/pages"}],"about":[{"href":"https:\/\/dockersbygerli.de\/fr\/wp-json\/wp\/v2\/types\/page"}],"author":[{"embeddable":true,"href":"https:\/\/dockersbygerli.de\/fr\/wp-json\/wp\/v2\/users\/8"}],"replies":[{"embeddable":true,"href":"https:\/\/dockersbygerli.de\/fr\/wp-json\/wp\/v2\/comments?post=16"}],"version-history":[{"count":74,"href":"https:\/\/dockersbygerli.de\/fr\/wp-json\/wp\/v2\/pages\/16\/revisions"}],"predecessor-version":[{"id":3717,"href":"https:\/\/dockersbygerli.de\/fr\/wp-json\/wp\/v2\/pages\/16\/revisions\/3717"}],"wp:attachment":[{"href":"https:\/\/dockersbygerli.de\/fr\/wp-json\/wp\/v2\/media?parent=16"}],"curies":[{"name":"wp","href":"https:\/\/api.w.org\/{rel}","templated":true}]}}