{"id":671,"date":"2018-10-17T09:16:27","date_gmt":"2018-10-17T09:16:27","guid":{"rendered":"http:\/\/test.dockersbygerli.de\/?page_id=671"},"modified":"2020-09-23T15:42:26","modified_gmt":"2020-09-23T15:42:26","slug":"datenschutz","status":"publish","type":"page","link":"https:\/\/dockersbygerli.de\/es\/datenschutz\/","title":{"rendered":"Protecci\u00f3n de datos"},"content":{"rendered":"<div data-elementor-type=\"wp-post\"   data-elementor-id=\"671\"   class=\"elementor elementor-671 elementor-bc-flex-widget\"  data-elementor-post-type=\"page\">\n\t\t\t\t\t\t<section class=\"elementor-section elementor-top-section elementor-element elementor-element-d44b0f4 elementor-section-full_width elementor-section-height-default elementor-section-height-default\"  data-id=\"d44b0f4\"  data-element_type=\"section\">\n\t\t\t\t\t\t<div class=\"elementor-container elementor-column-gap-no\">\n\t\t\t\t\t<div class=\"elementor-column elementor-col-100 elementor-top-column elementor-element elementor-element-012fa6b\"  data-id=\"012fa6b\" data-element_type=\"column\">\n\t\t\t<div class=\"elementor-widget-wrap elementor-element-populated\">\n\t\t\t\t\t\t<div class=\"elementor-element elementor-element-047c57a elementor-widget elementor-widget-image\"   data-id=\"047c57a\"  data-element_type=\"widget\" data-widget_type=\"image.default\">\n\t\t\t\t<div class=\"elementor-widget-container\">\n\t\t\t\t\t\t\t\t\t\t\t\t\t<img fetchpriority=\"high\"   decoding=\"async\"   width=\"3840\"   height=\"690\"   src=\"https:\/\/dockersbygerli.de\/wp-content\/uploads\/2020\/09\/3840x690_45pa240.png\"   class=\"attachment-full size-full wp-image-1971\"   alt=\"\"   srcset=\"https:\/\/dockersbygerli.de\/wp-content\/uploads\/2020\/09\/3840x690_45pa240.png 3840w, https:\/\/dockersbygerli.de\/wp-content\/uploads\/2020\/09\/3840x690_45pa240-300x54.png 300w, https:\/\/dockersbygerli.de\/wp-content\/uploads\/2020\/09\/3840x690_45pa240-768x138.png 768w, https:\/\/dockersbygerli.de\/wp-content\/uploads\/2020\/09\/3840x690_45pa240-1024x184.png 1024w\"   sizes=\"(max-width: 3840px) 100vw, 3840px\" \/>\t\t\t\t\t\t\t\t\t\t\t\t\t<\/div>\n\t\t\t\t<\/div>\n\t\t\t\t\t<\/div>\n\t\t<\/div>\n\t\t\t\t\t<\/div>\n\t\t<\/section>\n\t\t\t\t<section class=\"elementor-section elementor-top-section elementor-element elementor-element-c4686e3 elementor-section-boxed elementor-section-height-default elementor-section-height-default\"   data-id=\"c4686e3\"   data-element_type=\"section\">\n\t\t\t\t\t\t<div class=\"elementor-container elementor-column-gap-default\">\n\t\t\t\t\t<div class=\"elementor-column elementor-col-100 elementor-top-column elementor-element elementor-element-ddb1c03\"   data-id=\"ddb1c03\"  data-element_type=\"column\">\n\t\t\t<div class=\"elementor-widget-wrap elementor-element-populated\">\n\t\t\t\t\t\t<div class=\"elementor-element elementor-element-687538d elementor-widget elementor-widget-spacer\"   data-id=\"687538d\"  data-element_type=\"widget\" data-widget_type=\"spacer.default\">\n\t\t\t\t<div class=\"elementor-widget-container\">\n\t\t\t\t\t<div class=\"elementor-spacer\">\n\t\t\t<div class=\"elementor-spacer-inner\"><\/div>\n\t\t<\/div>\n\t\t\t\t<\/div>\n\t\t\t\t<\/div>\n\t\t\t\t<div class=\"elementor-element elementor-element-d8e1837 elementor-widget elementor-widget-text-editor\"   data-id=\"d8e1837\"   data-element_type=\"widget\"   data-widget_type=\"text-editor.default\">\n\t\t\t\t<div class=\"elementor-widget-container\">\n\t\t\t\t\t\t\t<h1><strong>Pol\u00edtica de privacidad<\/strong><\/h1><h2><strong>1. Pol\u00edtica de privacidad a simple vista<\/strong><\/h2><h3><strong>Informaci\u00f3n general<\/strong><\/h3><p>La siguiente informaci\u00f3n regula el tratamiento de sus datos personales cuando navegue en nuestro sitio web. Los datos personales son todos aquellos datos de car\u00e1cter personal facilitados por el usuario para identificarse. Puede encontrar informaci\u00f3n m\u00e1s detallada a continuaci\u00f3n en nuestra pol\u00edtica de privacidad.<\/p><h3><strong>Recogida de datos en nuestro sitio web<\/strong><\/h3><p><strong>\u00bfQui\u00e9n es responsable de la recogida de datos en este sitio web?<\/strong><\/p><p>El tratamiento de los datos se lleva a cabo por el administrador del sitio web. Puede encontrar sus datos en el aviso legal de este sitio web.<\/p><p><strong>\u00bfC\u00f3mo recogemos sus datos?<\/strong><\/p><p>Por una parte, los datos se recogen a partir de los datos que el usuario nos proporciona. Por ejemplo, los datos que el usuario introduce en un formulario de contacto.<\/p><p>Otros datos se obtienen de forma autom\u00e1tica cuando el usuario visita el sitio web a trav\u00e9s de nuestros sistemas de informaci\u00f3n. Se trata de datos de car\u00e1cter t\u00e9cnico (como el explorador de internet, el sistema operativo o la hora de visita del sitio web). Dicha toma de datos se realiza autom\u00e1ticamente al visitar nuestro sitio web.<\/p><p><strong>\u00bfPara qu\u00e9 usamos sus datos?<\/strong><\/p><p>Parte de los datos se recogen para garantizar la seguridad del sitio web. Y parte de los datos se utilizan para analizar el comportamiento de navegaci\u00f3n del usuario.<\/p><p><strong>Ejercicio de sus derechos<\/strong><\/p><p>El usuario puede en todo momento solicitar informaci\u00f3n sobre la procedencia, el receptor y a la finalidad de sus datos personales. Puede tambi\u00e9n solicitar la rectificaci\u00f3n, bloqueo o supresi\u00f3n de sus datos. Puede ponerse en contacto con nosotros para ello o para cualquier otra consulta relacionada con nuestra pol\u00edtica de privacidad en la direcci\u00f3n que figura en el aviso legal. Asimismo, puede tambi\u00e9n reclamar ante la \u00f3rgano competente para ello.<\/p><h3><strong>Herramientas de an\u00e1lisis y de terceros<\/strong><\/h3><p>Cuando un usuario visita nuestro sitio web, su comportamiento de navegaci\u00f3n se eval\u00faa estad\u00edsticamente. Esto se realiza principalmente a trav\u00e9s de cookies y de programas denominados programas de an\u00e1lisis. El an\u00e1lisis del comportamiento de navegaci\u00f3n tiene car\u00e1cter an\u00f3nimo: el usuario no puede ser identificado. Puede oponerse o deshabilitar este an\u00e1lisis a trav\u00e9s de las opciones del navegador. Puede obtener m\u00e1s informaci\u00f3n al respecto a continuaci\u00f3n en nuestra pol\u00edtica de privacidad.<\/p><p>Puede tambi\u00e9n oponerse a este an\u00e1lisis. A continuaci\u00f3n, le informamos sobre las opciones para ello en nuestra pol\u00edtica de privacidad.<\/p><h2><strong>2. Informaci\u00f3n general e informaci\u00f3n obligatoria<\/strong><\/h2><h3><strong>Protecci\u00f3n de datos<\/strong><\/h3><p>Los administradores de estas p\u00e1ginas tratan sus datos de forma rigurosa y confidencial de acuerdo con la legislaci\u00f3n sobre protecci\u00f3n de datos y nuestra pol\u00edtica de privacidad.<\/p><p>Al usar este sitio web, se nos permite obtener ciertos datos personales. La informaci\u00f3n personal es aquella informaci\u00f3n que identifica al usuario. En nuestra pol\u00edtica de privacidad se indica c\u00f3mo y qu\u00e9 informaci\u00f3n se recoge y qu\u00e9 uso se le da.<\/p><p>Debe tenerse en cuenta que la transmisi\u00f3n de datos en internet (por ejemplo, mediante la comunicaci\u00f3n por correo electr\u00f3nico) puede presentar debilidades en materia de seguridad. Por tanto, impedir totalmente que terceros puedan acceder a los datos de los usuarios no es posible.<\/p><h3><strong>Revocaci\u00f3n del consentimiento para el tratamiento de datos<\/strong><\/h3><p>Muchas de las operaciones para el tratamiento de datos pueden llevarse a cabo \u00fanicamente con el consentimiento expreso del usuario. El usuario puede revocar su consentimiento en cualquier momento. Para ello es suficiente la remisi\u00f3n de un mensaje por correo electr\u00f3nico. La legalidad del tratamiento de datos efectuado hasta la revocaci\u00f3n no se ver\u00e1 afectada por dicha revocaci\u00f3n.<\/p><h3><strong>Derecho a presentar una reclamaci\u00f3n ante la autoridad de control competente<\/strong><\/h3><p>En el caso de que se infrinja la ley de protecci\u00f3n de datos, el usuario afectado puede presentar una reclamaci\u00f3n ante la autoridad de control competente. V\u00e9ase a   continuaci\u00f3n el link con la informaci\u00f3n de contacto de las autoridades de control en materia de protecci\u00f3n de datos competentes en el lugar donde se sit\u00faa la sede de nuestra empresa: https:\/\/www.bfdi.bund.de\/DE\/Infothek\/Anschriften_Links\/anschriften_links-node.html\u00a0<a href=\"https:\/\/www.bfdi.bund.de\/DE\/Infothek\/Anschriften_Links\/anschriften_links-node.html\">https:\/\/www.bfdi.bund.de\/DE\/Infothek\/Anschriften_Links\/anschriften_links-node.html<\/a>.<\/p><h3><strong>Protocolo de cifrado SSL o TLS<\/strong><\/h3><p>Este sitio web utiliza un protocolo de cifrado SSL o TLS por motivos de seguridad y para proteger la transmisi\u00f3n de contenido de car\u00e1cter confidencial, como instrucciones o peticiones que el usuario nos dirija a nosotros, en calidad de administrador del sitio web. Puede reconocer una conexi\u00f3n encriptada porque la direcci\u00f3n en el buscador de internet cambia de \"http: \/\/\" a \"https: \/\/\" seguida de la imagen de un candado.<\/p><p>Si el protocolo de cifrado SSL o TLS est\u00e1 habilitado, ning\u00fan tercero puede acceder a los datos que el usuario nos facilite.<\/p><h3><strong>Informaci\u00f3n, bloqueo y supresi\u00f3n<\/strong><\/h3><p>El usuario tiene derecho a solicitar informaci\u00f3n sobre los datos almacenados, la procedencia y el receptor de \u00e9stos, as\u00ed como sobre la finalidad del tratamiento de sus datos. Y puede, si lo considera necesario, pedir que sus datos sean rectificados, bloqueado o suprimidos. Para m\u00e1s informaci\u00f3n sobre sus datos personales puede ponerse en contacto con nosotros en cualquier momento en la direcci\u00f3n que figura en el aviso legal.<\/p><h3><strong>Oposici\u00f3n frente a correos electr\u00f3nicos de publicidad<\/strong><\/h3><p>Se rechaza el uso de la informaci\u00f3n de contacto publicada en el apartado correspondiente al aviso legal con el fin de enviar publicidad y contenido informativo no solicitados. Los administradores se reservan el derecho a emprender acciones judiciales en caso de env\u00edo de publicidad no solicitada, por ejemplo, a trav\u00e9s de correos no deseados.<\/p><h2><strong>3. Recogida de datos en nuestro sitio web<\/strong><\/h2><h3><strong>Cookies<\/strong><\/h3><p>Los portales de internet usan en parte las denominadas cookies. Las cookies no da\u00f1an su ordenador y no contienen ning\u00fan virus. Las cookies sirven para hacer que nuestra oferta resulte m\u00e1s accesible, personalizada, efectiva y segura. Las cookies son peque\u00f1os archivos de texto almacenados en su ordenador y que se almacenan en su navegador.<\/p><p>La mayor\u00eda de las cookies utilizadas por nosotros se denominan \"cookies de sesi\u00f3n\" y se eliminan autom\u00e1ticamente tras su visita. Sin embargo, otras cookies permanecen almacenadas en el dispositivo hasta que el usuario las elimina, y son estas cookies las que nos permiten reconocer su navegador en una visita posterior.<\/p><p>Puede configurar su navegador para que lo mantenga informado sobre el establecimiento de cookies y permitir las cookies solamente en casos particulares, aceptar cookies para ciertos casos o denegarlas en general, as\u00ed como activar el borrado autom\u00e1tico de cookies al cerrar el navegador. Deshabilitar las cookies podr\u00eda reducir la funcionalidad de este sitio web.<\/p><p>Las cookies necesarias para efectuar el proceso de comunicaci\u00f3n electr\u00f3nica o para ofrecer determinadas funciones (por ejemplo, la funci\u00f3n \u201ccesta de la compra\u201d) se almacenan conforme a lo dispuesto en el Art. 6 para. 1 lit. f DSGVO.  El administrador del sitio web tiene pues inter\u00e9s leg\u00edtimo para almacenar las cookies necesarias para la prestaci\u00f3n optimizada y t\u00e9cnicamente correcta de sus servicios. En cuanto a otras cookies (como las utilizadas para analizar el comportamiento de navegaci\u00f3n de los usuarios) que tambi\u00e9n se almacenan, \u00e9stas se tratan por separado en nuestra pol\u00edtica de privacidad.<\/p><h3><strong>Archivos de registro<\/strong><\/h3><p>El proveedor de los portales recoge y almacena de forma autom\u00e1tica informaci\u00f3n en los denominados archivos de registro, que el navegador del usuario, a su vez, nos tramite de forma autom\u00e1tica. Estos datos son:<\/p><ul><li>Tipo y versi\u00f3n de navegador<\/li><li>sistema operativo<\/li><li>URL referente<\/li><li>Nombre del host del equipo desde el que se accede<\/li><li>Hora de la petici\u00f3n der servidor<\/li><li>Direcci\u00f3n IP<\/li><\/ul><p>No se efect\u00faa una comparaci\u00f3n de estos datos con otras fuentes de datos.<\/p><p>El fundamento para el tratamiento de datos es el Art. 6 para. 1 lit. f DSGVO, que permite el tratamiento de datos para cumplir con las disposiciones de un contrato o con las medidas precontractuales.<\/p><h3><strong>Formulario de contacto<\/strong><\/h3><p>Si un usuario nos remite una consulta mediante un formulario de contacto, los datos contenidos en dicho formulario, incluyendo la informaci\u00f3n de contacto, ser\u00e1n almacenados para poder procesar y hacer el seguimiento de su consulta. Dicha informaci\u00f3n no se compartir\u00e1 con terceros sin el consentimiento del usuario.<\/p><p>El tratamiento de los datos introducidos en el formulario de contacto se basa \u00fanicamente, por tanto, en el consentimiento manifestado por el usuario (Art. 6 (1) lit. DSGVO). El usuario puede revocar este consentimiento en cualquier momento. Para ello es suficiente la remisi\u00f3n de un mensaje por correo electr\u00f3nico. La legalidad del tratamiento de datos efectuado hasta la revocaci\u00f3n no se ver\u00e1 afectada por dicha revocaci\u00f3n.<\/p><p>La informaci\u00f3n facilitada por el usuario en el formulario de contacto permanece en nuestro poder hasta que el usuario nos pida expresamente que la eliminemos, revoque su consentimiento, o desaparezca la finalidad para la que se almacen\u00f3 (por ejemplo, una vez que la petici\u00f3n del usuario ha sido resuelta). Las disposiciones legales obligatorias - los plazos de conservaci\u00f3n - permanecen inalterables.<\/p><h2><strong>4. Redes sociales<\/strong><\/h2><h3><strong>Plugins de Facebook (Bot\u00f3n de Me gusta y Compartir)<\/strong><\/h3><p>En nuestros portales se integran plugins de la red social Facebook, proveedor Facebook Inc., 1 Hacker Way, Menlo Park, California 94025, USA. Los plugins de Facebook pueden reconocerse en nuestro sitio web por el logotipo de Facebook o por el bot\u00f3n de \u201cMe gusta\u201d (\"Like\"). Puede encontrar una aclaraci\u00f3n de los plugins de Facebook aqu\u00ed: https:\/\/developers.facebook.com\/docs\/plugins\/.\u00a0<a href=\"https:\/\/developers.facebook.com\/docs\/plugins\/\">https:\/\/developers.facebook.com\/docs\/plugins\/<\/a>.<\/p><p>Cuando el usuario visita nuestro sitio, el plugin establece una conexi\u00f3n directa entre su navegador y el servidor de Facebook. Facebook recibe la informaci\u00f3n de que el usuario ha visitado nuestro sitio web con su direcci\u00f3n IP. Si el usuario hace click en el bot\u00f3n \u201cMe gusta\u201d de Facebook mientras tiene iniciada su sesi\u00f3n en su cuenta de Facebook, puede relacionar contenidos de nuestro sitio web con su perfil de Facebook. Como resultado, Facebook puede asignar la visita a nuestro sitio web a su cuenta de usuario. Conviene indicar, no obstante, que nosotros, en calidad de proveedor del sitio web, no tenemos conocimiento del contenido de los datos transferidos ni del uso que Facebook pueda hacer de ellos. Puede consultar m\u00e1s informaci\u00f3n en la pol\u00edtica de privacidad de Facebook en: https:\/\/de-de.facebook.com\/policy.php.\u00a0<a href=\"https:\/\/de-de.facebook.com\/policy.php\">https:\/\/de-de.facebook.com\/policy.php<\/a>.<\/p><p>Si el usuario no quiere que Facebook asocie la visita a nuestro sitio web con su cuenta de usuario de Facebook, debe cerrar su conexi\u00f3n a su cuenta de usuario de Facebook.<\/p><p>\u00a0<\/p><h2><strong>5. Plugins y herramientas<\/strong><\/h2><h3><strong>Fuentes web de Google<\/strong><\/h3><p>Este sitio usa las denominadas fuentes web, suministradas por Google, para la representaci\u00f3n uniforme de fuentes. Cuando se solicita una web, el navegador carga las fuentes necesarias en la memoria intermedia para que los textos y fuentes puedan verse correctamente.<\/p><p>Para ello, el navegador que se est\u00e9 utilizando debe conectarse a los servidores de Google. Como resultado, Google sabe que se ha producido un acceso a nuestro sitio web desde la direcci\u00f3n IP del usuario. El uso de fuentes web de Google es imprescindible para una presentaci\u00f3n uniforme y atractiva de nuestros servicios online. Esto constituye un inter\u00e9s leg\u00edtimo seg\u00fan el Art. 6 para. 1 lit. f DSGVO.<\/p><p>Si su navegador no soporta fuentes web, su dispositivo usar\u00e1 otra fuente por defecto.<\/p><p>Para m\u00e1s informaci\u00f3n sobre Fuentes web de Google, v\u00e9ase:\u00a0<a href=\"https:\/\/developers.google.com\/fonts\/faq\">https:\/\/developers.google.com\/fonts\/faq<\/a>\u00a0y la pol\u00edtica de privacidad de Google en:\u00a0<a href=\"https:\/\/www.google.com\/policies\/privacy\/\"  >https:\/\/www.google.com\/policies\/privacy\/<\/a>.<\/p><h3><strong>Google Maps<\/strong><\/h3><p>Este sitio web utiliza el servicio de mapas de Google (Google Maps) a trav\u00e9s de una interfaz de programaci\u00f3n de aplicaciones (API, por sus siglas en ingl\u00e9s). El proveedor es Google Inc., 1600 Amphitheater Parkway, Mountain View, CA 94043, USA.<\/p><p>Para poder acceder a las funciones de Google Maps, es necesario almacenar la direcci\u00f3n IP del usuario. Esta informaci\u00f3n se transmite a un servidor de Google en los Estados Unidos, donde se almacena. El proveedor de este sitio web no influye en la transmisi\u00f3n de datos.<\/p><p>El uso de Google Maps es imprescindible para obtener una correcta visualizaci\u00f3n de nuestros servicios online y para localizar con facilidad los lugares mencionados en nuestro sitio web. Esto constituye un inter\u00e9s leg\u00edtimo seg\u00fan el Art. 6 para. 1 lit. f DSGVO.<\/p><p>Para m\u00e1s informaci\u00f3n sobre c\u00f3mo se maneja la informaci\u00f3n de los usuarios, puede remitirse a la pol\u00edtica de privacidad de Google:\u00a0<a href=\"https:\/\/www.google.de\/intl\/de\/policies\/privacy\/\">https:\/\/www.google.de\/intl\/de\/policies\/privacy\/<\/a>.<\/p><p>\u00a0<\/p>\t\t\t\t\t\t<\/div>\n\t\t\t\t<\/div>\n\t\t\t\t\t<\/div>\n\t\t<\/div>\n\t\t\t\t\t<\/div>\n\t\t<\/section>\n\t\t\t\t<\/div>","protected":false},"excerpt":{"rendered":"<p>Datenschutzerkl\u00e4rung 1. Datenschutz auf einen Blick Allgemeine Hinweise Die folgenden Hinweise geben einen einfachen \u00dcberblick dar\u00fcber, was mit Ihren personenbezogenen Daten passiert, wenn Sie unsere Website besuchen. Personenbezogene Daten sind alle Daten, mit denen Sie pers\u00f6nlich identifiziert werden k\u00f6nnen. Ausf\u00fchrliche Informationen zum Thema Datenschutz entnehmen Sie unserer unter diesem Text aufgef\u00fchrten Datenschutzerkl\u00e4rung. Datenerfassung auf unserer [&hellip;]<\/p>","protected":false},"author":8,"featured_media":0,"parent":0,"menu_order":0,"comment_status":"closed","ping_status":"closed","template":"","meta":{"ocean_post_layout":"full-screen","ocean_both_sidebars_style":"","ocean_both_sidebars_content_width":0,"ocean_both_sidebars_sidebars_width":0,"ocean_sidebar":"0","ocean_second_sidebar":"0","ocean_disable_margins":"enable","ocean_add_body_class":"","ocean_shortcode_before_top_bar":"","ocean_shortcode_after_top_bar":"","ocean_shortcode_before_header":"","ocean_shortcode_after_header":"","ocean_has_shortcode":"","ocean_shortcode_after_title":"","ocean_shortcode_before_footer_widgets":"","ocean_shortcode_after_footer_widgets":"","ocean_shortcode_before_footer_bottom":"","ocean_shortcode_after_footer_bottom":"","ocean_display_top_bar":"default","ocean_display_header":"default","ocean_header_style":"","ocean_center_header_left_menu":"0","ocean_custom_header_template":"0","ocean_custom_logo":0,"ocean_custom_retina_logo":0,"ocean_custom_logo_max_width":0,"ocean_custom_logo_tablet_max_width":0,"ocean_custom_logo_mobile_max_width":0,"ocean_custom_logo_max_height":0,"ocean_custom_logo_tablet_max_height":0,"ocean_custom_logo_mobile_max_height":0,"ocean_header_custom_menu":"0","ocean_menu_typo_font_family":"0","ocean_menu_typo_font_subset":"","ocean_menu_typo_font_size":0,"ocean_menu_typo_font_size_tablet":0,"ocean_menu_typo_font_size_mobile":0,"ocean_menu_typo_font_size_unit":"px","ocean_menu_typo_font_weight":"","ocean_menu_typo_font_weight_tablet":"","ocean_menu_typo_font_weight_mobile":"","ocean_menu_typo_transform":"","ocean_menu_typo_transform_tablet":"","ocean_menu_typo_transform_mobile":"","ocean_menu_typo_line_height":0,"ocean_menu_typo_line_height_tablet":0,"ocean_menu_typo_line_height_mobile":0,"ocean_menu_typo_line_height_unit":"","ocean_menu_typo_spacing":0,"ocean_menu_typo_spacing_tablet":0,"ocean_menu_typo_spacing_mobile":0,"ocean_menu_typo_spacing_unit":"","ocean_menu_link_color":"","ocean_menu_link_color_hover":"","ocean_menu_link_color_active":"","ocean_menu_link_background":"","ocean_menu_link_hover_background":"","ocean_menu_link_active_background":"","ocean_menu_social_links_bg":"","ocean_menu_social_hover_links_bg":"","ocean_menu_social_links_color":"","ocean_menu_social_hover_links_color":"","ocean_disable_title":"on","ocean_disable_heading":"default","ocean_post_title":"","ocean_post_subheading":"","ocean_post_title_style":"","ocean_post_title_background_color":"","ocean_post_title_background":0,"ocean_post_title_bg_image_position":"","ocean_post_title_bg_image_attachment":"","ocean_post_title_bg_image_repeat":"","ocean_post_title_bg_image_size":"","ocean_post_title_height":0,"ocean_post_title_bg_overlay":0.5,"ocean_post_title_bg_overlay_color":"","ocean_disable_breadcrumbs":"default","ocean_breadcrumbs_color":"","ocean_breadcrumbs_separator_color":"","ocean_breadcrumbs_links_color":"","ocean_breadcrumbs_links_hover_color":"","ocean_display_footer_widgets":"default","ocean_display_footer_bottom":"default","ocean_custom_footer_template":"0","footnotes":""},"_links":{"self":[{"href":"https:\/\/dockersbygerli.de\/es\/wp-json\/wp\/v2\/pages\/671"}],"collection":[{"href":"https:\/\/dockersbygerli.de\/es\/wp-json\/wp\/v2\/pages"}],"about":[{"href":"https:\/\/dockersbygerli.de\/es\/wp-json\/wp\/v2\/types\/page"}],"author":[{"embeddable":true,"href":"https:\/\/dockersbygerli.de\/es\/wp-json\/wp\/v2\/users\/8"}],"replies":[{"embeddable":true,"href":"https:\/\/dockersbygerli.de\/es\/wp-json\/wp\/v2\/comments?post=671"}],"version-history":[{"count":17,"href":"https:\/\/dockersbygerli.de\/es\/wp-json\/wp\/v2\/pages\/671\/revisions"}],"predecessor-version":[{"id":1974,"href":"https:\/\/dockersbygerli.de\/es\/wp-json\/wp\/v2\/pages\/671\/revisions\/1974"}],"wp:attachment":[{"href":"https:\/\/dockersbygerli.de\/es\/wp-json\/wp\/v2\/media?parent=671"}],"curies":[{"name":"wp","href":"https:\/\/api.w.org\/{rel}","templated":true}]}}