{"id":669,"date":"2018-10-17T09:16:06","date_gmt":"2018-10-17T09:16:06","guid":{"rendered":"http:\/\/test.dockersbygerli.de\/?page_id=669"},"modified":"2021-09-13T11:36:08","modified_gmt":"2021-09-13T11:36:08","slug":"impressum","status":"publish","type":"page","link":"https:\/\/dockersbygerli.de\/es\/impressum\/","title":{"rendered":"Aviso legal"},"content":{"rendered":"<div data-elementor-type=\"wp-post\"   data-elementor-id=\"669\"   class=\"elementor elementor-669 elementor-bc-flex-widget\"  data-elementor-post-type=\"page\">\n\t\t\t\t\t\t<section class=\"elementor-section elementor-top-section elementor-element elementor-element-aca3f16 elementor-section-full_width elementor-section-height-default elementor-section-height-default\"  data-id=\"aca3f16\"  data-element_type=\"section\">\n\t\t\t\t\t\t<div class=\"elementor-container elementor-column-gap-no\">\n\t\t\t\t\t<div class=\"elementor-column elementor-col-100 elementor-top-column elementor-element elementor-element-8b9d698\"   data-id=\"8b9d698\" data-element_type=\"column\">\n\t\t\t<div class=\"elementor-widget-wrap elementor-element-populated\">\n\t\t\t\t\t\t<div class=\"elementor-element elementor-element-3b483c3 elementor-widget elementor-widget-image\"   data-id=\"3b483c3\"   data-element_type=\"widget\" data-widget_type=\"image.default\">\n\t\t\t\t<div class=\"elementor-widget-container\">\n\t\t\t\t\t\t\t\t\t\t\t\t\t<img fetchpriority=\"high\"   decoding=\"async\"   width=\"3840\"   height=\"690\"   src=\"https:\/\/dockersbygerli.de\/wp-content\/uploads\/2021\/09\/47kp205.jpg\"   class=\"attachment-full size-full wp-image-2262\"   alt=\"\"   srcset=\"https:\/\/dockersbygerli.de\/wp-content\/uploads\/2021\/09\/47kp205.jpg 3840w, https:\/\/dockersbygerli.de\/wp-content\/uploads\/2021\/09\/47kp205-300x54.jpg 300w, https:\/\/dockersbygerli.de\/wp-content\/uploads\/2021\/09\/47kp205-768x138.jpg 768w, https:\/\/dockersbygerli.de\/wp-content\/uploads\/2021\/09\/47kp205-1024x184.jpg 1024w\"  sizes=\"(max-width: 3840px) 100vw, 3840px\" \/>\t\t\t\t\t\t\t\t\t\t\t\t\t<\/div>\n\t\t\t\t<\/div>\n\t\t\t\t\t<\/div>\n\t\t<\/div>\n\t\t\t\t\t<\/div>\n\t\t<\/section>\n\t\t\t\t<section class=\"elementor-section elementor-top-section elementor-element elementor-element-c7a4162 elementor-section-boxed elementor-section-height-default elementor-section-height-default\"   data-id=\"c7a4162\"   data-element_type=\"section\">\n\t\t\t\t\t\t<div class=\"elementor-container elementor-column-gap-default\">\n\t\t\t\t\t<div class=\"elementor-column elementor-col-100 elementor-top-column elementor-element elementor-element-0676121\"   data-id=\"0676121\"  data-element_type=\"column\">\n\t\t\t<div class=\"elementor-widget-wrap elementor-element-populated\">\n\t\t\t\t\t\t<div class=\"elementor-element elementor-element-bb01ec1 elementor-widget elementor-widget-spacer\"   data-id=\"bb01ec1\"  data-element_type=\"widget\" data-widget_type=\"spacer.default\">\n\t\t\t\t<div class=\"elementor-widget-container\">\n\t\t\t\t\t<div class=\"elementor-spacer\">\n\t\t\t<div class=\"elementor-spacer-inner\"><\/div>\n\t\t<\/div>\n\t\t\t\t<\/div>\n\t\t\t\t<\/div>\n\t\t\t\t<div class=\"elementor-element elementor-element-62a143c elementor-widget elementor-widget-text-editor\"   data-id=\"62a143c\"   data-element_type=\"widget\"   data-widget_type=\"text-editor.default\">\n\t\t\t\t<div class=\"elementor-widget-container\">\n\t\t\t\t\t\t\t<h1>Aviso legal<\/h1><p>\u00a0<\/p><h2>Informaci\u00f3n seg\u00fan \u00a7 5 TMG:<\/h2><p>Schuh-Import und Export GERLI GmbH<\/p><p>H\u00f6hstra\u00dfe 31<\/p><p>66978 Merzalben<\/p><p>\u00a0<\/p><h2>Representado por:<\/h2><p>Ralf Grossmann, Sven Andersson<\/p><p>\u00a0<\/p><h2>Venta de stock:<\/h2><p>Dockers Stock Sale<\/p><p>Bahnhofstra\u00dfe 3<\/p><p>66981 M\u00fcnchweiler an der Rodalb<\/p><p>Horario:<\/p><p>Viernes: 13:00 \u2013 18:00 Uhr<\/p><p>S\u00e1bado: 09:30 \u2013 13:00 Uhr<\/p><p>\u00a0<\/p><h2>Contacto:<\/h2><p>Telefon: 0 63 95 &#8211; 9 219 0<\/p><p>Telefax: 0 63 95 &#8211; 7 714<\/p><p>E-Mail: info@dockersbygerli.de<\/p><p>\u00a0<\/p><h2>Registro mercantil:<\/h2><p>Inscrita en el Registro Mercantil.\u00a0<\/p><p>Tribunal de registro: Pirmasens\u00a0<\/p><p>N\u00famero de registro: HRB 22208<\/p><p>\u00a0<\/p><h2>N\u00famero de identificaci\u00f3n fiscal:<\/h2><p>N\u00famero de identificaci\u00f3n fiscal seg\u00fan \u00a727, Ley sobre el IVA:<\/p><p>DE 149 598 888<\/p><p>\u00a0<\/p><h2>Resoluci\u00f3n extrajudicial de controversias<\/h2><p>No estamos dispuestos ni obligados a participar en procedimientos de resoluci\u00f3n extrajudicial de controversias ante ninguna junta arbitral de consumo.<\/p><p>\u00a0<\/p><h3>Responsabilidad por el contenido<\/h3><p>En calidad de proveedor de servicios, y conforme al \u00a7 7 Abs.1 TMG, somos responsables de los contenidos de nuestro sitio web seg\u00fan las leyes aplicables. Sin embargo, seg\u00fan el \u00a7\u00a7 8 - 10 TMG, como proveedor de servicios, no estamos obligados a controlar el contenido de la informaci\u00f3n transmitida o almacenada por terceros ni a investigar las circunstancias que pudieran ser indicio de actividad ilegal.<\/p><p>La obligaci\u00f3n de eliminar o bloquear el uso de informaci\u00f3n permanece inalterable seg\u00fan las leyes aplicables. Sin embargo, la responsabilidad en este sentido solamente es exigible a partir del momento en que se tenga conocimiento de que se est\u00e1 infringiendo la ley de forma espec\u00edfica. En caso de tener conocimiento de una infracci\u00f3n, procederemos a eliminar este contenido de inmediato.<\/p><h3>Responsabilidad por los enlaces<\/h3><p>Nuestra oferta contiene enlaces a sitios web externos de terceros cuyos contenidos est\u00e1n fuera de nuestro control. Por consiguiente, declinamos cualquier responsabilidad por contenidos ajenos a nosotros. El responsable de los contenidos y portales a los que los enlaces de nuestro sitio web permiten acceder es siempre el administrador o el proveedor de dichos portales. En el momento de su incorporaci\u00f3n a nuestro sitio web, se comprob\u00f3 si en su contenido exist\u00eda alguna infracci\u00f3n, sin que se constatara ning\u00fan contenido il\u00edcito en el momento en que se realizaron los enlaces.<\/p><p>Asimismo, no es exigible un control de contenidos permanente de los portales de internet sin que medien indicios concretos de infracci\u00f3n. En caso de tener conocimiento de una infracci\u00f3n, procederemos a eliminar los enlaces correspondientes de inmediato.<\/p><h3>Copyright<\/h3><p>Los contenidos y materiales de estos portales creados por sus administradores est\u00e1n sujetos a la ley de propiedad intelectual alemana. La reproducci\u00f3n, modificaci\u00f3n, divulgaci\u00f3n o cualquier otra forma de uso que exceda los l\u00edmites de la propiedad intelectual requerir\u00e1 el consentimiento por escrito de su autor o creador. Las descargas y copias de contenidos est\u00e1n permitidas exclusivamente para uso particular propio, no para fines comerciales.<\/p><p>En el caso de que alguno de los contenidos de este sitio no pertenezca al administrador, se aplicar\u00e1n los derechos de autor de terceros. Los contenidos de terceros aparecer\u00e1n se\u00f1alados como tales. Si a pesar de ello, usted advirtiese una presunta vulneraci\u00f3n de los derechos de autor, rogamos lo ponga en nuestro conocimiento. En caso de tener conocimiento de una infracci\u00f3n, procederemos a eliminar los contenidos correspondientes de inmediato.<\/p><p>Copyright 2026 &#8211; OceanWP Theme by Nick<\/p>\t\t\t\t\t\t<\/div>\n\t\t\t\t<\/div>\n\t\t\t\t\t<\/div>\n\t\t<\/div>\n\t\t\t\t\t<\/div>\n\t\t<\/section>\n\t\t\t\t<\/div>","protected":false},"excerpt":{"rendered":"<p>Impressum \u00a0 Angaben gem\u00e4\u00df \u00a7 5 TMG: Schuh-Import und Export GERLI GmbH H\u00f6hstra\u00dfe 31 66978 Merzalben \u00a0 Vertreten durch: Ralf Grossmann, Sven Andersson \u00a0 Stock Sale: Dockers Stock Sale Bahnhofstra\u00dfe 3 66981 M\u00fcnchweiler an der Rodalb Opening Hours Fr 13:00 &#8211; 18:00 Uhr Sa 09:30 &#8211; 13:00 Uhr \u00a0 Kontakt: Telefon: 0 63 95 &#8211; [&hellip;]<\/p>","protected":false},"author":8,"featured_media":0,"parent":0,"menu_order":0,"comment_status":"closed","ping_status":"closed","template":"","meta":{"ocean_post_layout":"full-screen","ocean_both_sidebars_style":"","ocean_both_sidebars_content_width":0,"ocean_both_sidebars_sidebars_width":0,"ocean_sidebar":"0","ocean_second_sidebar":"0","ocean_disable_margins":"enable","ocean_add_body_class":"","ocean_shortcode_before_top_bar":"","ocean_shortcode_after_top_bar":"","ocean_shortcode_before_header":"","ocean_shortcode_after_header":"","ocean_has_shortcode":"","ocean_shortcode_after_title":"","ocean_shortcode_before_footer_widgets":"","ocean_shortcode_after_footer_widgets":"","ocean_shortcode_before_footer_bottom":"","ocean_shortcode_after_footer_bottom":"","ocean_display_top_bar":"default","ocean_display_header":"default","ocean_header_style":"","ocean_center_header_left_menu":"0","ocean_custom_header_template":"0","ocean_custom_logo":0,"ocean_custom_retina_logo":0,"ocean_custom_logo_max_width":0,"ocean_custom_logo_tablet_max_width":0,"ocean_custom_logo_mobile_max_width":0,"ocean_custom_logo_max_height":0,"ocean_custom_logo_tablet_max_height":0,"ocean_custom_logo_mobile_max_height":0,"ocean_header_custom_menu":"0","ocean_menu_typo_font_family":"0","ocean_menu_typo_font_subset":"","ocean_menu_typo_font_size":0,"ocean_menu_typo_font_size_tablet":0,"ocean_menu_typo_font_size_mobile":0,"ocean_menu_typo_font_size_unit":"px","ocean_menu_typo_font_weight":"","ocean_menu_typo_font_weight_tablet":"","ocean_menu_typo_font_weight_mobile":"","ocean_menu_typo_transform":"","ocean_menu_typo_transform_tablet":"","ocean_menu_typo_transform_mobile":"","ocean_menu_typo_line_height":0,"ocean_menu_typo_line_height_tablet":0,"ocean_menu_typo_line_height_mobile":0,"ocean_menu_typo_line_height_unit":"","ocean_menu_typo_spacing":0,"ocean_menu_typo_spacing_tablet":0,"ocean_menu_typo_spacing_mobile":0,"ocean_menu_typo_spacing_unit":"","ocean_menu_link_color":"","ocean_menu_link_color_hover":"","ocean_menu_link_color_active":"","ocean_menu_link_background":"","ocean_menu_link_hover_background":"","ocean_menu_link_active_background":"","ocean_menu_social_links_bg":"","ocean_menu_social_hover_links_bg":"","ocean_menu_social_links_color":"","ocean_menu_social_hover_links_color":"","ocean_disable_title":"on","ocean_disable_heading":"default","ocean_post_title":"","ocean_post_subheading":"","ocean_post_title_style":"","ocean_post_title_background_color":"","ocean_post_title_background":0,"ocean_post_title_bg_image_position":"","ocean_post_title_bg_image_attachment":"","ocean_post_title_bg_image_repeat":"","ocean_post_title_bg_image_size":"","ocean_post_title_height":0,"ocean_post_title_bg_overlay":0.5,"ocean_post_title_bg_overlay_color":"","ocean_disable_breadcrumbs":"default","ocean_breadcrumbs_color":"","ocean_breadcrumbs_separator_color":"","ocean_breadcrumbs_links_color":"","ocean_breadcrumbs_links_hover_color":"","ocean_display_footer_widgets":"default","ocean_display_footer_bottom":"default","ocean_custom_footer_template":"0","footnotes":""},"_links":{"self":[{"href":"https:\/\/dockersbygerli.de\/es\/wp-json\/wp\/v2\/pages\/669"}],"collection":[{"href":"https:\/\/dockersbygerli.de\/es\/wp-json\/wp\/v2\/pages"}],"about":[{"href":"https:\/\/dockersbygerli.de\/es\/wp-json\/wp\/v2\/types\/page"}],"author":[{"embeddable":true,"href":"https:\/\/dockersbygerli.de\/es\/wp-json\/wp\/v2\/users\/8"}],"replies":[{"embeddable":true,"href":"https:\/\/dockersbygerli.de\/es\/wp-json\/wp\/v2\/comments?post=669"}],"version-history":[{"count":17,"href":"https:\/\/dockersbygerli.de\/es\/wp-json\/wp\/v2\/pages\/669\/revisions"}],"predecessor-version":[{"id":2312,"href":"https:\/\/dockersbygerli.de\/es\/wp-json\/wp\/v2\/pages\/669\/revisions\/2312"}],"wp:attachment":[{"href":"https:\/\/dockersbygerli.de\/es\/wp-json\/wp\/v2\/media?parent=669"}],"curies":[{"name":"wp","href":"https:\/\/api.w.org\/{rel}","templated":true}]}}