{"id":16,"date":"2018-09-06T08:49:42","date_gmt":"2018-09-06T08:49:42","guid":{"rendered":"http:\/\/test.dockersbygerli.de\/?page_id=16"},"modified":"2022-03-01T15:23:21","modified_gmt":"2022-03-01T15:23:21","slug":"historie","status":"publish","type":"page","link":"https:\/\/dockersbygerli.de\/es\/historie\/","title":{"rendered":"HISTORIA"},"content":{"rendered":"<div data-elementor-type=\"wp-post\"  data-elementor-id=\"16\"  class=\"elementor elementor-16\"  data-elementor-post-type=\"page\">\n\t\t\t\t\t\t<section class=\"elementor-section elementor-top-section elementor-element elementor-element-162fc47 elementor-section-full_width elementor-section-height-default elementor-section-height-default\"  data-id=\"162fc47\"  data-element_type=\"section\">\n\t\t\t\t\t\t<div class=\"elementor-container elementor-column-gap-no\">\n\t\t\t\t\t<div class=\"elementor-column elementor-col-100 elementor-top-column elementor-element elementor-element-dfcd383\"   data-id=\"dfcd383\"  data-element_type=\"column\">\n\t\t\t<div class=\"elementor-widget-wrap elementor-element-populated\">\n\t\t\t\t\t\t<div class=\"elementor-element elementor-element-a54daad elementor-widget elementor-widget-image\"   data-id=\"a54daad\"   data-element_type=\"widget\" data-widget_type=\"image.default\">\n\t\t\t\t<div class=\"elementor-widget-container\">\n\t\t\t\t\t\t\t\t\t\t\t\t\t<img fetchpriority=\"high\"   decoding=\"async\"   width=\"3840\"   height=\"690\"   src=\"https:\/\/dockersbygerli.de\/wp-content\/uploads\/2021\/09\/43ea001.jpg\"   class=\"attachment-full size-full wp-image-2258\"   alt=\"\"   srcset=\"https:\/\/dockersbygerli.de\/wp-content\/uploads\/2021\/09\/43ea001.jpg 3840w, https:\/\/dockersbygerli.de\/wp-content\/uploads\/2021\/09\/43ea001-300x54.jpg 300w, https:\/\/dockersbygerli.de\/wp-content\/uploads\/2021\/09\/43ea001-768x138.jpg 768w, https:\/\/dockersbygerli.de\/wp-content\/uploads\/2021\/09\/43ea001-1024x184.jpg 1024w\"  sizes=\"(max-width: 3840px) 100vw, 3840px\" \/>\t\t\t\t\t\t\t\t\t\t\t\t\t<\/div>\n\t\t\t\t<\/div>\n\t\t\t\t\t<\/div>\n\t\t<\/div>\n\t\t\t\t\t<\/div>\n\t\t<\/section>\n\t\t\t\t<section class=\"elementor-section elementor-top-section elementor-element elementor-element-54167e9e elementor-section-boxed elementor-section-height-default elementor-section-height-default\"   data-id=\"54167e9e\"   data-element_type=\"section\"   data-settings=\"{&quot;background_background&quot;:&quot;classic&quot;}\">\n\t\t\t\t\t\t<div class=\"elementor-container elementor-column-gap-default\">\n\t\t\t\t\t<div class=\"elementor-column elementor-col-100 elementor-top-column elementor-element elementor-element-7bcb988b\"   data-id=\"7bcb988b\"  data-element_type=\"column\">\n\t\t\t<div class=\"elementor-widget-wrap elementor-element-populated\">\n\t\t\t\t\t\t<div class=\"elementor-element elementor-element-d59ff8e elementor-widget elementor-widget-heading\"   data-id=\"d59ff8e\"  data-element_type=\"widget\" data-widget_type=\"heading.default\">\n\t\t\t\t<div class=\"elementor-widget-container\">\n\t\t\t<h3 class=\"elementor-heading-title elementor-size-large\">1973 - HOY<\/h3>\t\t<\/div>\n\t\t\t\t<\/div>\n\t\t\t\t<section class=\"elementor-section elementor-inner-section elementor-element elementor-element-2a8dcbcd elementor-section-height-min-height elementor-section-content-middle elementor-section-boxed elementor-section-height-default\"   data-id=\"2a8dcbcd\"   data-element_type=\"section\"   data-settings=\"{&quot;background_background&quot;:&quot;classic&quot;}\">\n\t\t\t\t\t\t<div class=\"elementor-container elementor-column-gap-no\">\n\t\t\t\t\t<div class=\"elementor-column elementor-col-50 elementor-inner-column elementor-element elementor-element-3debe0b\"   data-id=\"3debe0b\"   data-element_type=\"column\"   data-settings=\"{&quot;background_background&quot;:&quot;classic&quot;}\">\n\t\t\t<div class=\"elementor-widget-wrap elementor-element-populated\">\n\t\t\t\t\t\t<div class=\"elementor-element elementor-element-5082781 elementor-widget elementor-widget-image\"   data-id=\"5082781\"  data-element_type=\"widget\" data-widget_type=\"image.default\">\n\t\t\t\t<div class=\"elementor-widget-container\">\n\t\t\t\t\t\t\t\t\t\t\t\t\t<img decoding=\"async\"   width=\"300\"   height=\"300\"   src=\"https:\/\/dockersbygerli.de\/wp-content\/uploads\/2020\/05\/24DC001-180320_large-300x300.png\"   class=\"attachment-medium size-medium wp-image-1846\"   alt=\"\"   srcset=\"https:\/\/dockersbygerli.de\/wp-content\/uploads\/2020\/05\/24DC001-180320_large-300x300.png 300w, https:\/\/dockersbygerli.de\/wp-content\/uploads\/2020\/05\/24DC001-180320_large-150x150.png 150w, https:\/\/dockersbygerli.de\/wp-content\/uploads\/2020\/05\/24DC001-180320_large-768x768.png 768w, https:\/\/dockersbygerli.de\/wp-content\/uploads\/2020\/05\/24DC001-180320_large-1024x1024.png 1024w, https:\/\/dockersbygerli.de\/wp-content\/uploads\/2020\/05\/24DC001-180320_large.png 2000w\"  sizes=\"(max-width: 300px) 100vw, 300px\" \/>\t\t\t\t\t\t\t\t\t\t\t\t\t<\/div>\n\t\t\t\t<\/div>\n\t\t\t\t\t<\/div>\n\t\t<\/div>\n\t\t\t\t<div class=\"elementor-column elementor-col-50 elementor-inner-column elementor-element elementor-element-1851bbd9\"   data-id=\"1851bbd9\"   data-element_type=\"column\">\n\t\t\t<div class=\"elementor-widget-wrap elementor-element-populated\">\n\t\t\t\t\t\t<div class=\"elementor-element elementor-element-444034cf elementor-widget elementor-widget-text-editor\"   data-id=\"444034cf\"   data-element_type=\"widget\"   data-widget_type=\"text-editor.default\">\n\t\t\t\t<div class=\"elementor-widget-container\">\n\t\t\t\t\t\t\t<p>Todo empez\u00f3 en Merzalben, una localidad en pleno Bosque del Palatinado, a diez minutos escasos de Pirmasens, la c\u00e9lebre \u201cciudad del calzado\u201d en Alemania. G\u00f6sta Andersson y Bruno Heim, que llevaban ya a\u00f1os trabajando en la industria y venta de calzado, captaron la tendencia del momento: a mediados de los 80 todo el mundo quer\u00eda llevar n\u00e1uticos, los mocasines ligeros que se usaban en las embarcaciones. La empresa Gerli GmbH decidi\u00f3 transformar esta tendencia en oportunidad. Y as\u00ed, en 1985, dise\u00f1aron y fabricaron por primera vez un modelo de piel sin cordones para caballero. Su objetivo desde el principio era que todo el mundo pudiera comprar un par de \u201cDockers\u201d, por lo que ofrecer calidad con una perfecta relaci\u00f3n calidad-precio era y es primordial.<\/p>\t\t\t\t\t\t<\/div>\n\t\t\t\t<\/div>\n\t\t\t\t\t<\/div>\n\t\t<\/div>\n\t\t\t\t\t<\/div>\n\t\t<\/section>\n\t\t\t\t<section class=\"elementor-section elementor-inner-section elementor-element elementor-element-949f802 elementor-section-height-min-height elementor-section-content-middle elementor-section-boxed elementor-section-height-default\"   data-id=\"949f802\"   data-element_type=\"section\"   data-settings=\"{&quot;background_background&quot;:&quot;classic&quot;}\">\n\t\t\t\t\t\t<div class=\"elementor-container elementor-column-gap-no\">\n\t\t\t\t\t<div class=\"elementor-column elementor-col-50 elementor-inner-column elementor-element elementor-element-dc95044\"   data-id=\"dc95044\" data-element_type=\"column\">\n\t\t\t<div class=\"elementor-widget-wrap elementor-element-populated\">\n\t\t\t\t\t\t<div class=\"elementor-element elementor-element-be05f5a elementor-widget elementor-widget-text-editor\"   data-id=\"be05f5a\"   data-element_type=\"widget\" data-widget_type=\"text-editor.default\">\n\t\t\t\t<div class=\"elementor-widget-container\">\n\t\t\t\t\t\t\t<p>El gran ascenso le lleg\u00f3 a la marca, sin embargo, m\u00e1s tarde con otro tipo de calzado: la c\u00e9lebre bota Dockers. En amarillo intenso o en marr\u00f3n chocolate, con la ca\u00f1a acolchada y aspecto de bota de monta\u00f1a, es hasta hoy un icono. Las primeras botas Dockers se fabricaron en Portugal y en Espa\u00f1a. Mediante la fabricaci\u00f3n Goodyear se consigui\u00f3 que fueran mucho m\u00e1s resistentes, ya que la suela no solamente se pegaba al empeine, como es habitual, sino que la suela, el cerco y el empeine se cos\u00edan conjuntamente. En la actualidad los dise\u00f1adores de Dockers reinterpretan estas botas casi cada a\u00f1o con nuevas suelas y detalles. Sin embargo, su esencia permanece inalterable, y las botas Dockers siempre se reconocen a simple vista.<\/p>\t\t\t\t\t\t<\/div>\n\t\t\t\t<\/div>\n\t\t\t\t\t<\/div>\n\t\t<\/div>\n\t\t\t\t<div class=\"elementor-column elementor-col-50 elementor-inner-column elementor-element elementor-element-dbf351e\"   data-id=\"dbf351e\"   data-element_type=\"column\"   data-settings=\"{&quot;background_background&quot;:&quot;classic&quot;}\">\n\t\t\t<div class=\"elementor-widget-wrap elementor-element-populated\">\n\t\t\t\t\t\t<div class=\"elementor-element elementor-element-7fb6bb2 elementor-widget elementor-widget-image\"   data-id=\"7fb6bb2\"   data-element_type=\"widget\"  data-widget_type=\"image.default\">\n\t\t\t\t<div class=\"elementor-widget-container\">\n\t\t\t\t\t\t\t\t\t\t\t\t\t<img decoding=\"async\"   width=\"300\"   height=\"300\"   src=\"https:\/\/dockersbygerli.de\/wp-content\/uploads\/2020\/05\/35VE106-300910_large-300x300.png\"   class=\"attachment-medium size-medium wp-image-1845\"   alt=\"\"   srcset=\"https:\/\/dockersbygerli.de\/wp-content\/uploads\/2020\/05\/35VE106-300910_large-300x300.png 300w, https:\/\/dockersbygerli.de\/wp-content\/uploads\/2020\/05\/35VE106-300910_large-150x150.png 150w, https:\/\/dockersbygerli.de\/wp-content\/uploads\/2020\/05\/35VE106-300910_large-768x768.png 768w, https:\/\/dockersbygerli.de\/wp-content\/uploads\/2020\/05\/35VE106-300910_large-1024x1024.png 1024w, https:\/\/dockersbygerli.de\/wp-content\/uploads\/2020\/05\/35VE106-300910_large.png 2000w\"  sizes=\"(max-width: 300px) 100vw, 300px\" \/>\t\t\t\t\t\t\t\t\t\t\t\t\t<\/div>\n\t\t\t\t<\/div>\n\t\t\t\t\t<\/div>\n\t\t<\/div>\n\t\t\t\t\t<\/div>\n\t\t<\/section>\n\t\t\t\t<section class=\"elementor-section elementor-inner-section elementor-element elementor-element-d3cb499 elementor-section-height-min-height elementor-section-content-middle elementor-section-boxed elementor-section-height-default\"   data-id=\"d3cb499\"   data-element_type=\"section\"   data-settings=\"{&quot;background_background&quot;:&quot;classic&quot;}\">\n\t\t\t\t\t\t<div class=\"elementor-container elementor-column-gap-no\">\n\t\t\t\t\t<div class=\"elementor-column elementor-col-50 elementor-inner-column elementor-element elementor-element-214950a\"   data-id=\"214950a\"   data-element_type=\"column\"   data-settings=\"{&quot;background_background&quot;:&quot;classic&quot;}\">\n\t\t\t<div class=\"elementor-widget-wrap elementor-element-populated\">\n\t\t\t\t\t\t<div class=\"elementor-element elementor-element-5903549 elementor-widget elementor-widget-image\"   data-id=\"5903549\"  data-element_type=\"widget\" data-widget_type=\"image.default\">\n\t\t\t\t<div class=\"elementor-widget-container\">\n\t\t\t\t\t\t\t\t\t\t\t\t\t<img loading=\"lazy\"   decoding=\"async\"   width=\"300\"   height=\"300\"   src=\"https:\/\/dockersbygerli.de\/wp-content\/uploads\/2020\/05\/45AT202-150100_large-300x300.png\"   class=\"attachment-medium size-medium wp-image-1844\"   alt=\"\"   srcset=\"https:\/\/dockersbygerli.de\/wp-content\/uploads\/2020\/05\/45AT202-150100_large-300x300.png 300w, https:\/\/dockersbygerli.de\/wp-content\/uploads\/2020\/05\/45AT202-150100_large-150x150.png 150w, https:\/\/dockersbygerli.de\/wp-content\/uploads\/2020\/05\/45AT202-150100_large-768x768.png 768w, https:\/\/dockersbygerli.de\/wp-content\/uploads\/2020\/05\/45AT202-150100_large-1024x1024.png 1024w, https:\/\/dockersbygerli.de\/wp-content\/uploads\/2020\/05\/45AT202-150100_large.png 2000w\"  sizes=\"(max-width: 300px) 100vw, 300px\" \/>\t\t\t\t\t\t\t\t\t\t\t\t\t<\/div>\n\t\t\t\t<\/div>\n\t\t\t\t\t<\/div>\n\t\t<\/div>\n\t\t\t\t<div class=\"elementor-column elementor-col-50 elementor-inner-column elementor-element elementor-element-5b1f972\"   data-id=\"5b1f972\"   data-element_type=\"column\">\n\t\t\t<div class=\"elementor-widget-wrap elementor-element-populated\">\n\t\t\t\t\t\t<div class=\"elementor-element elementor-element-4b21f75 elementor-widget elementor-widget-text-editor\"   data-id=\"4b21f75\"   data-element_type=\"widget\"   data-widget_type=\"text-editor.default\">\n\t\t\t\t<div class=\"elementor-widget-container\">\n\t\t\t\t\t\t\t<p class=\" translation-block\">Ahora Dockers by Gerli es sin\u00f3nimo de calzado informal de tendencia, precisi\u00f3n y atenci\u00f3n al detalle. Pespuntes por aqu\u00ed, tachuelas por all\u00e1. Las tendencias se captan y se adaptan a nuestra marca. As\u00ed, en los \u00faltimos a\u00f1os se han incorporado las membranas Docktex y Sympatex, muy transpirables y a prueba de viento y de agua, para el calzado de invierno. Otra novedad patentada: Soft Insock, una plantilla de extrema flexibilidad.<\/p>\t\t\t\t\t\t<\/div>\n\t\t\t\t<\/div>\n\t\t\t\t\t<\/div>\n\t\t<\/div>\n\t\t\t\t\t<\/div>\n\t\t<\/section>\n\t\t\t\t\t<\/div>\n\t\t<\/div>\n\t\t\t\t\t<\/div>\n\t\t<\/section>\n\t\t\t\t<section class=\"elementor-section elementor-top-section elementor-element elementor-element-869836b elementor-section-boxed elementor-section-height-default elementor-section-height-default\"   data-id=\"869836b\"   data-element_type=\"section\">\n\t\t\t\t\t\t<div class=\"elementor-container elementor-column-gap-default\">\n\t\t\t\t\t<div class=\"elementor-column elementor-col-25 elementor-top-column elementor-element elementor-element-1d3bf03\"   data-id=\"1d3bf03\"  data-element_type=\"column\">\n\t\t\t<div class=\"elementor-widget-wrap elementor-element-populated\">\n\t\t\t\t\t\t<div class=\"elementor-element elementor-element-b757761 elementor-widget elementor-widget-image\"   data-id=\"b757761\"  data-element_type=\"widget\" data-widget_type=\"image.default\">\n\t\t\t\t<div class=\"elementor-widget-container\">\n\t\t\t\t\t\t\t\t\t\t\t\t\t<img loading=\"lazy\"   decoding=\"async\"   width=\"300\"   height=\"231\"   src=\"https:\/\/dockersbygerli.de\/wp-content\/uploads\/2018\/10\/Dockers-by-Gerli-Logo-black-Text--300x231.png\"   class=\"attachment-medium size-medium wp-image-777\"   alt=\"Logo Dockers by Gerli\"   srcset=\"https:\/\/dockersbygerli.de\/wp-content\/uploads\/2018\/10\/Dockers-by-Gerli-Logo-black-Text--300x231.png 300w, https:\/\/dockersbygerli.de\/wp-content\/uploads\/2018\/10\/Dockers-by-Gerli-Logo-black-Text--768x592.png 768w, https:\/\/dockersbygerli.de\/wp-content\/uploads\/2018\/10\/Dockers-by-Gerli-Logo-black-Text--1024x789.png 1024w, https:\/\/dockersbygerli.de\/wp-content\/uploads\/2018\/10\/Dockers-by-Gerli-Logo-black-Text-.png 1245w\"  sizes=\"(max-width: 300px) 100vw, 300px\" \/>\t\t\t\t\t\t\t\t\t\t\t\t\t<\/div>\n\t\t\t\t<\/div>\n\t\t\t\t\t<\/div>\n\t\t<\/div>\n\t\t\t\t<div class=\"elementor-column elementor-col-25 elementor-top-column elementor-element elementor-element-3561d74\"   data-id=\"3561d74\"   data-element_type=\"column\">\n\t\t\t<div class=\"elementor-widget-wrap elementor-element-populated\">\n\t\t\t\t\t\t<div class=\"elementor-element elementor-element-8e91992 elementor-widget elementor-widget-image\"   data-id=\"8e91992\"   data-element_type=\"widget\"   data-widget_type=\"image.default\">\n\t\t\t\t<div class=\"elementor-widget-container\">\n\t\t\t\t\t\t\t\t\t\t\t\t\t<img loading=\"lazy\"   decoding=\"async\"   width=\"472\"   height=\"591\"   src=\"https:\/\/dockersbygerli.de\/wp-content\/uploads\/2018\/10\/Tag6_hightech.jpg\"   class=\"attachment-large size-large wp-image-472\"   alt=\"\"   srcset=\"https:\/\/dockersbygerli.de\/wp-content\/uploads\/2018\/10\/Tag6_hightech.jpg 472w, https:\/\/dockersbygerli.de\/wp-content\/uploads\/2018\/10\/Tag6_hightech-240x300.jpg 240w\"  sizes=\"(max-width: 472px) 100vw, 472px\" \/>\t\t\t\t\t\t\t\t\t\t\t\t\t<\/div>\n\t\t\t\t<\/div>\n\t\t\t\t\t<\/div>\n\t\t<\/div>\n\t\t\t\t<div class=\"elementor-column elementor-col-25 elementor-top-column elementor-element elementor-element-68d1cc2\"   data-id=\"68d1cc2\"   data-element_type=\"column\">\n\t\t\t<div class=\"elementor-widget-wrap elementor-element-populated\">\n\t\t\t\t\t\t<div class=\"elementor-element elementor-element-6fbda69 elementor-widget elementor-widget-image\"   data-id=\"6fbda69\"   data-element_type=\"widget\"  data-widget_type=\"image.default\">\n\t\t\t\t<div class=\"elementor-widget-container\">\n\t\t\t\t\t\t\t\t\t\t\t\t\t<img loading=\"lazy\"   decoding=\"async\"   width=\"422\"   height=\"520\"   src=\"https:\/\/dockersbygerli.de\/wp-content\/uploads\/2019\/04\/Soft_Insole.jpg\"   class=\"attachment-large size-large wp-image-1495\"   alt=\"\"   srcset=\"https:\/\/dockersbygerli.de\/wp-content\/uploads\/2019\/04\/Soft_Insole.jpg 422w, https:\/\/dockersbygerli.de\/wp-content\/uploads\/2019\/04\/Soft_Insole-243x300.jpg 243w\"  sizes=\"(max-width: 422px) 100vw, 422px\" \/>\t\t\t\t\t\t\t\t\t\t\t\t\t<\/div>\n\t\t\t\t<\/div>\n\t\t\t\t\t<\/div>\n\t\t<\/div>\n\t\t\t\t<div class=\"elementor-column elementor-col-25 elementor-top-column elementor-element elementor-element-5c099b3\"   data-id=\"5c099b3\"   data-element_type=\"column\">\n\t\t\t<div class=\"elementor-widget-wrap elementor-element-populated\">\n\t\t\t\t\t\t<div class=\"elementor-element elementor-element-3e4e125 elementor-widget elementor-widget-image\"   data-id=\"3e4e125\"   data-element_type=\"widget\"   data-widget_type=\"image.default\">\n\t\t\t\t<div class=\"elementor-widget-container\">\n\t\t\t\t\t\t\t\t\t\t\t\t\t<img loading=\"lazy\"   decoding=\"async\"   width=\"818\"   height=\"400\"   src=\"https:\/\/dockersbygerli.de\/wp-content\/uploads\/2018\/10\/heute_logo_4.jpg\"   class=\"attachment-large size-large wp-image-425\"   alt=\"\"   srcset=\"https:\/\/dockersbygerli.de\/wp-content\/uploads\/2018\/10\/heute_logo_4.jpg 818w, https:\/\/dockersbygerli.de\/wp-content\/uploads\/2018\/10\/heute_logo_4-300x147.jpg 300w, https:\/\/dockersbygerli.de\/wp-content\/uploads\/2018\/10\/heute_logo_4-768x376.jpg 768w\"  sizes=\"(max-width: 818px) 100vw, 818px\" \/>\t\t\t\t\t\t\t\t\t\t\t\t\t<\/div>\n\t\t\t\t<\/div>\n\t\t\t\t\t<\/div>\n\t\t<\/div>\n\t\t\t\t\t<\/div>\n\t\t<\/section>\n\t\t\t\t<section class=\"elementor-section elementor-top-section elementor-element elementor-element-6334048 elementor-section-boxed elementor-section-height-default elementor-section-height-default\"   data-id=\"6334048\"   data-element_type=\"section\">\n\t\t\t\t\t\t<div class=\"elementor-container elementor-column-gap-default\">\n\t\t\t\t\t<div class=\"elementor-column elementor-col-100 elementor-top-column elementor-element elementor-element-7a26fd7\"   data-id=\"7a26fd7\"  data-element_type=\"column\">\n\t\t\t<div class=\"elementor-widget-wrap elementor-element-populated\">\n\t\t\t\t\t\t<div class=\"elementor-element elementor-element-4e04917 elementor-widget elementor-widget-spacer\"   data-id=\"4e04917\"  data-element_type=\"widget\" data-widget_type=\"spacer.default\">\n\t\t\t\t<div class=\"elementor-widget-container\">\n\t\t\t\t\t<div class=\"elementor-spacer\">\n\t\t\t<div class=\"elementor-spacer-inner\"><\/div>\n\t\t<\/div>\n\t\t\t\t<\/div>\n\t\t\t\t<\/div>\n\t\t\t\t\t<\/div>\n\t\t<\/div>\n\t\t\t\t\t<\/div>\n\t\t<\/section>\n\t\t\t\t<\/div>","protected":false},"excerpt":{"rendered":"<p>1973 &#8211; Heute Angefangen hat alles in Merzalben, einem kleinen Ort mitten im Pf\u00e4lzer Wald und keine zehn Minuten entfernt von der Schuhstadt Pirmasens. G\u00f6sta Andersson und Bruno Heim, beide seit vielen Jahren in der Schuhindustrie und dem Schuhverkauf aktiv, hatten die Zeichen der Zeit erkannt: Alle Welt wollte Mitte der 80er Docksider Schuhe, die [&hellip;]<\/p>","protected":false},"author":8,"featured_media":0,"parent":0,"menu_order":0,"comment_status":"closed","ping_status":"closed","template":"","meta":{"ocean_post_layout":"full-screen","ocean_both_sidebars_style":"","ocean_both_sidebars_content_width":0,"ocean_both_sidebars_sidebars_width":0,"ocean_sidebar":"0","ocean_second_sidebar":"0","ocean_disable_margins":"enable","ocean_add_body_class":"","ocean_shortcode_before_top_bar":"","ocean_shortcode_after_top_bar":"","ocean_shortcode_before_header":"","ocean_shortcode_after_header":"","ocean_has_shortcode":"","ocean_shortcode_after_title":"","ocean_shortcode_before_footer_widgets":"","ocean_shortcode_after_footer_widgets":"","ocean_shortcode_before_footer_bottom":"","ocean_shortcode_after_footer_bottom":"","ocean_display_top_bar":"default","ocean_display_header":"default","ocean_header_style":"","ocean_center_header_left_menu":"0","ocean_custom_header_template":"0","ocean_custom_logo":0,"ocean_custom_retina_logo":0,"ocean_custom_logo_max_width":0,"ocean_custom_logo_tablet_max_width":0,"ocean_custom_logo_mobile_max_width":0,"ocean_custom_logo_max_height":0,"ocean_custom_logo_tablet_max_height":0,"ocean_custom_logo_mobile_max_height":0,"ocean_header_custom_menu":"0","ocean_menu_typo_font_family":"0","ocean_menu_typo_font_subset":"","ocean_menu_typo_font_size":0,"ocean_menu_typo_font_size_tablet":0,"ocean_menu_typo_font_size_mobile":0,"ocean_menu_typo_font_size_unit":"px","ocean_menu_typo_font_weight":"","ocean_menu_typo_font_weight_tablet":"","ocean_menu_typo_font_weight_mobile":"","ocean_menu_typo_transform":"","ocean_menu_typo_transform_tablet":"","ocean_menu_typo_transform_mobile":"","ocean_menu_typo_line_height":0,"ocean_menu_typo_line_height_tablet":0,"ocean_menu_typo_line_height_mobile":0,"ocean_menu_typo_line_height_unit":"","ocean_menu_typo_spacing":0,"ocean_menu_typo_spacing_tablet":0,"ocean_menu_typo_spacing_mobile":0,"ocean_menu_typo_spacing_unit":"","ocean_menu_link_color":"","ocean_menu_link_color_hover":"","ocean_menu_link_color_active":"","ocean_menu_link_background":"","ocean_menu_link_hover_background":"","ocean_menu_link_active_background":"","ocean_menu_social_links_bg":"","ocean_menu_social_hover_links_bg":"","ocean_menu_social_links_color":"","ocean_menu_social_hover_links_color":"","ocean_disable_title":"on","ocean_disable_heading":"default","ocean_post_title":"","ocean_post_subheading":"","ocean_post_title_style":"","ocean_post_title_background_color":"","ocean_post_title_background":0,"ocean_post_title_bg_image_position":"","ocean_post_title_bg_image_attachment":"","ocean_post_title_bg_image_repeat":"","ocean_post_title_bg_image_size":"","ocean_post_title_height":0,"ocean_post_title_bg_overlay":0.5,"ocean_post_title_bg_overlay_color":"","ocean_disable_breadcrumbs":"default","ocean_breadcrumbs_color":"","ocean_breadcrumbs_separator_color":"","ocean_breadcrumbs_links_color":"","ocean_breadcrumbs_links_hover_color":"","ocean_display_footer_widgets":"default","ocean_display_footer_bottom":"default","ocean_custom_footer_template":"0","footnotes":""},"_links":{"self":[{"href":"https:\/\/dockersbygerli.de\/es\/wp-json\/wp\/v2\/pages\/16"}],"collection":[{"href":"https:\/\/dockersbygerli.de\/es\/wp-json\/wp\/v2\/pages"}],"about":[{"href":"https:\/\/dockersbygerli.de\/es\/wp-json\/wp\/v2\/types\/page"}],"author":[{"embeddable":true,"href":"https:\/\/dockersbygerli.de\/es\/wp-json\/wp\/v2\/users\/8"}],"replies":[{"embeddable":true,"href":"https:\/\/dockersbygerli.de\/es\/wp-json\/wp\/v2\/comments?post=16"}],"version-history":[{"count":74,"href":"https:\/\/dockersbygerli.de\/es\/wp-json\/wp\/v2\/pages\/16\/revisions"}],"predecessor-version":[{"id":3717,"href":"https:\/\/dockersbygerli.de\/es\/wp-json\/wp\/v2\/pages\/16\/revisions\/3717"}],"wp:attachment":[{"href":"https:\/\/dockersbygerli.de\/es\/wp-json\/wp\/v2\/media?parent=16"}],"curies":[{"name":"wp","href":"https:\/\/api.w.org\/{rel}","templated":true}]}}