{"id":5703,"date":"2022-06-08T14:39:54","date_gmt":"2022-06-08T14:39:54","guid":{"rendered":"https:\/\/dockersbygerli.de\/?page_id=5703"},"modified":"2022-06-09T10:43:53","modified_gmt":"2022-06-09T10:43:53","slug":"online-assistent","status":"publish","type":"page","link":"https:\/\/dockersbygerli.de\/en\/karriere\/online-assistent\/","title":{"rendered":"Online-Assistent"},"content":{"rendered":"<div data-elementor-type=\"wp-page\"  data-elementor-id=\"5703\"  class=\"elementor elementor-5703\"  data-elementor-post-type=\"page\">\n\t\t\t\t\t\t<section class=\"elementor-section elementor-top-section elementor-element elementor-element-52e3aeb elementor-section-full_width elementor-hidden-mobile elementor-section-height-default elementor-section-height-default\"  data-id=\"52e3aeb\"  data-element_type=\"section\">\n\t\t\t\t\t\t<div class=\"elementor-container elementor-column-gap-no\">\n\t\t\t\t\t<div class=\"elementor-column elementor-col-100 elementor-top-column elementor-element elementor-element-d36ff2a\"  data-id=\"d36ff2a\" data-element_type=\"column\">\n\t\t\t<div class=\"elementor-widget-wrap elementor-element-populated\">\n\t\t\t\t\t\t<div class=\"elementor-element elementor-element-8462b40 elementor-widget elementor-widget-image\"   data-id=\"8462b40\"  data-element_type=\"widget\" data-widget_type=\"image.default\">\n\t\t\t\t<div class=\"elementor-widget-container\" >\n\t\t\t\t\t\t\t\t\t\t\t\t\t<img fetchpriority=\"high\"   decoding=\"async\"   width=\"3840\"   height=\"690\"   src=\"https:\/\/dockersbygerli.de\/wp-content\/uploads\/2020\/09\/3840x690_45pa240.png\"   class=\"attachment-full size-full wp-image-1971\"   alt=\"\"   srcset=\"https:\/\/dockersbygerli.de\/wp-content\/uploads\/2020\/09\/3840x690_45pa240.png 3840w, https:\/\/dockersbygerli.de\/wp-content\/uploads\/2020\/09\/3840x690_45pa240-300x54.png 300w, https:\/\/dockersbygerli.de\/wp-content\/uploads\/2020\/09\/3840x690_45pa240-768x138.png 768w, https:\/\/dockersbygerli.de\/wp-content\/uploads\/2020\/09\/3840x690_45pa240-1024x184.png 1024w\"   sizes=\"(max-width: 3840px) 100vw, 3840px\" \/>\t\t\t\t\t\t\t\t\t\t\t\t\t<\/div>\n\t\t\t\t<\/div>\n\t\t\t\t\t<\/div>\n\t\t<\/div>\n\t\t\t\t\t<\/div>\n\t\t<\/section>\n\t\t\t\t<section class=\"elementor-section elementor-top-section elementor-element elementor-element-0a84262 elementor-section-full_width elementor-section-height-default elementor-section-height-default\"   data-id=\"0a84262\"   data-element_type=\"section\">\n\t\t\t\t\t\t<div class=\"elementor-container elementor-column-gap-default\">\n\t\t\t\t\t<div class=\"elementor-column elementor-col-100 elementor-top-column elementor-element elementor-element-575f978\"   data-id=\"575f978\"  data-element_type=\"column\">\n\t\t\t<div class=\"elementor-widget-wrap elementor-element-populated\">\n\t\t\t\t\t\t<div class=\"elementor-element elementor-element-2883dee elementor-widget elementor-widget-spacer\"   data-id=\"2883dee\"   data-element_type=\"widget\" data-widget_type=\"spacer.default\">\n\t\t\t\t<div class=\"elementor-widget-container\">\n\t\t\t\t\t<div class=\"elementor-spacer\">\n\t\t\t<div class=\"elementor-spacer-inner\"><\/div>\n\t\t<\/div>\n\t\t\t\t<\/div>\n\t\t\t\t<\/div>\n\t\t\t\t<div class=\"elementor-element elementor-element-16730ed elementor-widget elementor-widget-heading\"   data-id=\"16730ed\"   data-element_type=\"widget\"   data-widget_type=\"heading.default\">\n\t\t\t\t<div class=\"elementor-widget-container\">\n\t\t\t<h3 class=\"elementor-heading-title elementor-size-large\">Online-ASsistent im bereich sales<\/h3>\t\t<\/div>\n\t\t\t\t<\/div>\n\t\t\t\t\t<\/div>\n\t\t<\/div>\n\t\t\t\t\t<\/div>\n\t\t<\/section>\n\t\t\t\t<section class=\"elementor-section elementor-top-section elementor-element elementor-element-5249388 elementor-section-full_width elementor-section-height-default elementor-section-height-default\"   data-id=\"5249388\"   data-element_type=\"section\">\n\t\t\t\t\t\t<div class=\"elementor-container elementor-column-gap-default\">\n\t\t\t\t\t<div class=\"elementor-column elementor-col-33 elementor-top-column elementor-element elementor-element-2487dac\"   data-id=\"2487dac\"  data-element_type=\"column\">\n\t\t\t<div class=\"elementor-widget-wrap\">\n\t\t\t\t\t\t\t<\/div>\n\t\t<\/div>\n\t\t\t\t<div class=\"elementor-column elementor-col-33 elementor-top-column elementor-element elementor-element-8f9495f\"   data-id=\"8f9495f\"   data-element_type=\"column\">\n\t\t\t<div class=\"elementor-widget-wrap elementor-element-populated\">\n\t\t\t\t\t\t<div class=\"elementor-element elementor-element-41b67dd elementor-hidden-mobile elementor-widget elementor-widget-text-editor\"   data-id=\"41b67dd\"   data-element_type=\"widget\"   data-widget_type=\"text-editor.default\">\n\t\t\t\t<div class=\"elementor-widget-container\">\n\t\t\t\t\t\t\t<p>Als zus\u00e4tzliche Unterst\u00fctzung in unserem Hauptsitz in Merzalben suchen wir einen Online-Assistenten (m\/w\/d) in Vollzeit im Bereich Sales. Du kannst zuk\u00fcnftig Dockers by Gerli beim Ermitteln der Sales-Kennzahlen unterst\u00fctzen, sodass wir uns nachhaltig ausrichten k\u00f6nnen. Zusammen gestalten wir mit dir die Zukunft unserer Marke!<\/p>\t\t\t\t\t\t<\/div>\n\t\t\t\t<\/div>\n\t\t\t\t<div class=\"elementor-element elementor-element-91bf62b elementor-hidden-desktop elementor-hidden-tablet elementor-widget elementor-widget-text-editor\"   data-id=\"91bf62b\"   data-element_type=\"widget\"   data-widget_type=\"text-editor.default\">\n\t\t\t\t<div class=\"elementor-widget-container\">\n\t\t\t\t\t\t\t<p>Als zus\u00e4tzliche Unterst\u00fctzung in unserem Hauptsitz in Merzalben suchen wir einen Online-Assistenten (m\/w\/d) in Vollzeit im Bereich Sales. Du kannst zuk\u00fcnftig Dockers by Gerli beim Ermitteln der Sales-Kennzahlen unterst\u00fctzen, sodass wir uns zukunftsorientiert ausrichten k\u00f6nnen. Gestalte du die Zukunft unserer Marke!<\/p>\t\t\t\t\t\t<\/div>\n\t\t\t\t<\/div>\n\t\t\t\t<div class=\"elementor-element elementor-element-6419036 elementor-widget-divider--view-line elementor-widget elementor-widget-divider\"   data-id=\"6419036\"   data-element_type=\"widget\"   data-widget_type=\"divider.default\">\n\t\t\t\t<div class=\"elementor-widget-container\">\n\t\t\t\t\t<div class=\"elementor-divider\">\n\t\t\t<span class=\"elementor-divider-separator\">\n\t\t\t\t\t\t<\/span>\n\t\t<\/div>\n\t\t\t\t<\/div>\n\t\t\t\t<\/div>\n\t\t\t\t<div class=\"elementor-element elementor-element-3206e58 elementor-hidden-mobile elementor-widget elementor-widget-spacer\"   data-id=\"3206e58\"   data-element_type=\"widget\"   data-widget_type=\"spacer.default\">\n\t\t\t\t<div class=\"elementor-widget-container\">\n\t\t\t\t\t<div class=\"elementor-spacer\">\n\t\t\t<div class=\"elementor-spacer-inner\"><\/div>\n\t\t<\/div>\n\t\t\t\t<\/div>\n\t\t\t\t<\/div>\n\t\t\t\t<div class=\"elementor-element elementor-element-dde4184 elementor-widget elementor-widget-text-editor\"   data-id=\"dde4184\"   data-element_type=\"widget\"   data-widget_type=\"text-editor.default\">\n\t\t\t\t<div class=\"elementor-widget-container\">\n\t\t\t\t\t\t\t<p><strong>DEINE AUFGABEN:<\/strong><\/p><ul><li>Unterst\u00fctzung bei der Planung, Realisierung, Steuerung und Erfolgskontrolle der Sales-Strategien<\/li><li>Konzeptionierung und Durchf\u00fchrung von Sales-Aktionen<\/li><li>Erstellung von Analysen und Reports von E-Commerce Aktivit\u00e4ten<\/li><li>Steuerung bei der Entwicklung von digitalen Aktivit\u00e4ten<\/li><\/ul><p><strong>DEIN PROFIL:<\/strong><\/p><ul><li>Kennzahlenwissen im Bereich Sales (Umsatzkennzahlen, Sales Rate, Return Rate, Discount Rate, etc.)<\/li><li>Grundkenntnisse\/Affinit\u00e4t im Bereich Warenwirtschaftssysteme<\/li><li>Erweitertes Fachwissen in Excel (z.B. Pivot)<\/li><li>Grundkenntnisse in PowerPoint<\/li><li>Mindestens Grundkenntnisse in Englisch (Wort &amp; Schrift)<\/li><li>M\u00fcndliches und schriftliches Ausdrucksverm\u00f6gen gegen\u00fcber Kunden &amp; Partnern<\/li><\/ul><p><strong>WIR BIETEN:<\/strong><\/p><ul><li>Hoch spannende und nachhaltige Aufgaben mit gro\u00dfem Gestaltungsfreiraum in einem namhaften Unternehmen<\/li><li>Wertsch\u00e4tzendes und dynamisches Umfeld innerhalb eines werteorientierten Unternehmens<\/li><li>Flache Hierarchien mit einem hoch motivierten Team<\/li><li>Attraktives Gehaltspaket mit vielen weiteren Vorteilen<\/li><\/ul>\t\t\t\t\t\t<\/div>\n\t\t\t\t<\/div>\n\t\t\t\t<div class=\"elementor-element elementor-element-2045b0f elementor-align-center elementor-widget elementor-widget-button\"   data-id=\"2045b0f\"   data-element_type=\"widget\"   data-widget_type=\"button.default\">\n\t\t\t\t<div class=\"elementor-widget-container\">\n\t\t\t\t\t<div class=\"elementor-button-wrapper\">\n\t\t\t<a class=\"elementor-button elementor-button-link elementor-size-lg elementor-animation-grow\" href=\"#kontakt\">\n\t\t\t\t\t\t<span class=\"elementor-button-content-wrapper\">\n\t\t\t\t\t\t<span class=\"elementor-button-text\">JETZT BEWERBEN<\/span>\n\t\t<\/span>\n\t\t\t\t\t<\/a>\n\t\t<\/div>\n\t\t\t\t<\/div>\n\t\t\t\t<\/div>\n\t\t\t\t\t<\/div>\n\t\t<\/div>\n\t\t\t\t<div class=\"elementor-column elementor-col-33 elementor-top-column elementor-element elementor-element-244962e\"   data-id=\"244962e\"   data-element_type=\"column\">\n\t\t\t<div class=\"elementor-widget-wrap\">\n\t\t\t\t\t\t\t<\/div>\n\t\t<\/div>\n\t\t\t\t\t<\/div>\n\t\t<\/section>\n\t\t\t\t<section class=\"elementor-section elementor-top-section elementor-element elementor-element-474f37f elementor-section-boxed elementor-section-height-default elementor-section-height-default\"   data-id=\"474f37f\"   data-element_type=\"section\">\n\t\t\t\t\t\t<div class=\"elementor-container elementor-column-gap-default\">\n\t\t\t\t\t<div class=\"elementor-column elementor-col-100 elementor-top-column elementor-element elementor-element-6eacf53\"   data-id=\"6eacf53\"  data-element_type=\"column\">\n\t\t\t<div class=\"elementor-widget-wrap elementor-element-populated\">\n\t\t\t\t\t\t<div class=\"elementor-element elementor-element-a7d22f1 elementor-hidden-phone elementor-widget elementor-widget-spacer\"   data-id=\"a7d22f1\"  data-element_type=\"widget\" data-widget_type=\"spacer.default\">\n\t\t\t\t<div class=\"elementor-widget-container\">\n\t\t\t\t\t<div class=\"elementor-spacer\">\n\t\t\t<div class=\"elementor-spacer-inner\"><\/div>\n\t\t<\/div>\n\t\t\t\t<\/div>\n\t\t\t\t<\/div>\n\t\t\t\t<div class=\"elementor-element elementor-element-869fd09 elementor-widget elementor-widget-menu-anchor\"   data-id=\"869fd09\"   data-element_type=\"widget\"   data-widget_type=\"menu-anchor.default\">\n\t\t\t\t<div class=\"elementor-widget-container\">\n\t\t\t\t\t<div id=\"kontakt\"  class=\"elementor-menu-anchor\"><\/div>\n\t\t\t\t<\/div>\n\t\t\t\t<\/div>\n\t\t\t\t<div class=\"elementor-element elementor-element-f180a1e elementor-hidden-desktop elementor-hidden-tablet elementor-widget-divider--view-line elementor-widget elementor-widget-divider\"   data-id=\"f180a1e\"   data-element_type=\"widget\"   data-widget_type=\"divider.default\">\n\t\t\t\t<div class=\"elementor-widget-container\">\n\t\t\t\t\t<div class=\"elementor-divider\">\n\t\t\t<span class=\"elementor-divider-separator\">\n\t\t\t\t\t\t<\/span>\n\t\t<\/div>\n\t\t\t\t<\/div>\n\t\t\t\t<\/div>\n\t\t\t\t<div class=\"elementor-element elementor-element-75de5c6 elementor-hidden-desktop elementor-hidden-tablet elementor-widget elementor-widget-spacer\"   data-id=\"75de5c6\"   data-element_type=\"widget\"   data-widget_type=\"spacer.default\">\n\t\t\t\t<div class=\"elementor-widget-container\">\n\t\t\t\t\t<div class=\"elementor-spacer\">\n\t\t\t<div class=\"elementor-spacer-inner\"><\/div>\n\t\t<\/div>\n\t\t\t\t<\/div>\n\t\t\t\t<\/div>\n\t\t\t\t<div class=\"elementor-element elementor-element-bd30c33 elementor-widget elementor-widget-heading\"   data-id=\"bd30c33\"   data-element_type=\"widget\"   data-widget_type=\"heading.default\">\n\t\t\t\t<div class=\"elementor-widget-container\">\n\t\t\t<h3 class=\"elementor-heading-title elementor-size-large\">Nehme Kontakt mit uns auf<\/h3>\t\t<\/div>\n\t\t\t\t<\/div>\n\t\t\t\t<div class=\"elementor-element elementor-element-d60bc3d elementor-button-align-stretch elementor-widget elementor-widget-form\"   data-id=\"d60bc3d\"   data-element_type=\"widget\"   data-settings=\"{&quot;step_next_label&quot;:&quot;N\\u00e4chster&quot;,&quot;step_previous_label&quot;:&quot;Voriger&quot;,&quot;button_width&quot;:&quot;100&quot;,&quot;step_type&quot;:&quot;number_text&quot;,&quot;step_icon_shape&quot;:&quot;circle&quot;}\"   data-widget_type=\"form.default\">\n\t\t\t\t<div class=\"elementor-widget-container\">\n\t\t\t\t\t<form class=\"elementor-form\"   method=\"post\" name=\"New Form\" action=\"\">\n\t\t\t<input type=\"hidden\"  name=\"post_id\" value=\"5703\"\/>\n\t\t\t<input type=\"hidden\" name=\"form_id\" value=\"d60bc3d\"\/>\n\t\t\t<input type=\"hidden\"  name=\"referer_title\"  value=\"\" \/>\n\n\t\t\t\n\t\t\t<div class=\"elementor-form-fields-wrapper elementor-labels-above\">\n\t\t\t\t\t\t\t\t<div class=\"elementor-field-type-text elementor-field-group elementor-column elementor-field-group-name elementor-col-100\">\n\t\t\t\t\t\t\t\t\t\t\t\t<label for=\"form-field-name\"   class=\"elementor-field-label\">\n\t\t\t\t\t\t\t\tDein Name\t\t\t\t\t\t\t<\/label>\n\t\t\t\t\t\t\t\t\t\t\t\t\t\t<input size=\"1\"   type=\"text\"   name=\"form_fields[name]\"   id=\"form-field-name\"   class=\"elementor-field elementor-size-sm  elementor-field-textual\"   placeholder=\"First and last name\">\n\t\t\t\t\t\t\t\t\t\t\t<\/div>\n\t\t\t\t\t\t\t\t<div class=\"elementor-field-type-email elementor-field-group elementor-column elementor-field-group-email elementor-col-100 elementor-field-required\">\n\t\t\t\t\t\t\t\t\t\t\t\t<label for=\"form-field-email\"  class=\"elementor-field-label\">\n\t\t\t\t\t\t\t\tDeine E-Mail Adresse\t\t\t\t\t\t\t<\/label>\n\t\t\t\t\t\t\t\t\t\t\t\t\t\t<input size=\"1\"   type=\"email\"   name=\"form_fields[email]\"   id=\"form-field-email\"   class=\"elementor-field elementor-size-sm  elementor-field-textual\"   placeholder=\"max.mustermann@email.de\"   required=\"required\" aria-required=\"true\">\n\t\t\t\t\t\t\t\t\t\t\t<\/div>\n\t\t\t\t\t\t\t\t<div class=\"elementor-field-type-textarea elementor-field-group elementor-column elementor-field-group-message elementor-col-100\">\n\t\t\t\t\t\t\t\t\t\t\t\t<label for=\"form-field-message\"  class=\"elementor-field-label\">\n\t\t\t\t\t\t\t\tDeine Nachricht\t\t\t\t\t\t\t<\/label>\n\t\t\t\t\t\t<textarea class=\"elementor-field-textual elementor-field  elementor-size-sm\"   name=\"form_fields[message]\"   id=\"form-field-message\"   rows=\"4\"   placeholder=\"Enter your message here\"><\/textarea>\t\t\t\t<\/div>\n\t\t\t\t\t\t\t\t<div class=\"elementor-field-type-upload elementor-field-group elementor-column elementor-field-group-683d77a elementor-col-100\">\n\t\t\t\t\t\t\t\t\t\t\t\t<label for=\"form-field-683d77a\"  class=\"elementor-field-label\">\n\t\t\t\t\t\t\t\tDeine Bewerbungsunterlagen\t\t\t\t\t\t\t<\/label>\n\t\t\t\t\t\t\t\t<input type=\"file\"   name=\"form_fields[683d77a][]\"   id=\"form-field-683d77a\"   class=\"elementor-field elementor-size-sm  elementor-upload-field\"   multiple=\"multiple\"   data-maxsize=\"5\"   data-maxsize-message=\"This file exceeds the maximum allowed size.\">\n\n\t\t\t\t\t\t<\/div>\n\t\t\t\t\t\t\t\t<div class=\"elementor-field-group elementor-column elementor-field-type-submit elementor-col-100 e-form__buttons\">\n\t\t\t\t\t<button type=\"submit\"   class=\"elementor-button elementor-size-sm\">\n\t\t\t\t\t\t<span >\n\t\t\t\t\t\t\t\t\t\t\t\t\t\t\t<span class=\"elementor-button-icon\">\n\t\t\t\t\t\t\t\t\t\t\t\t\t\t\t\t\t\t\t\t\t\t\t\t\t\t<\/span>\n\t\t\t\t\t\t\t\t\t\t\t\t\t\t\t\t\t\t\t\t\t\t<span class=\"elementor-button-text\">Send<\/span>\n\t\t\t\t\t\t\t\t\t\t\t\t\t<\/span>\n\t\t\t\t\t<\/button>\n\t\t\t\t<\/div>\n\t\t\t<\/div>\n\t\t<input type=\"hidden\"  name=\"trp-form-language\"  value=\"en\"\/><\/form>\n\t\t\t\t<\/div>\n\t\t\t\t<\/div>\n\t\t\t\t<div class=\"elementor-element elementor-element-5a703e6 elementor-widget elementor-widget-menu-anchor\"   data-id=\"5a703e6\"   data-element_type=\"widget\"   data-widget_type=\"menu-anchor.default\">\n\t\t\t\t<div class=\"elementor-widget-container\">\n\t\t\t\t\t<div id=\"kontaktformular\"  class=\"elementor-menu-anchor\"><\/div>\n\t\t\t\t<\/div>\n\t\t\t\t<\/div>\n\t\t\t\t\t<\/div>\n\t\t<\/div>\n\t\t\t\t\t<\/div>\n\t\t<\/section>\n\t\t\t\t<section class=\"elementor-section elementor-top-section elementor-element elementor-element-ce3e4cb elementor-section-boxed elementor-section-height-default elementor-section-height-default\"   data-id=\"ce3e4cb\"   data-element_type=\"section\">\n\t\t\t\t\t\t<div class=\"elementor-container elementor-column-gap-default\">\n\t\t\t\t\t<div class=\"elementor-column elementor-col-33 elementor-top-column elementor-element elementor-element-dd57ece\"   data-id=\"dd57ece\"  data-element_type=\"column\">\n\t\t\t<div class=\"elementor-widget-wrap elementor-element-populated\">\n\t\t\t\t\t\t<div class=\"elementor-element elementor-element-e99009f elementor-view-default elementor-position-top elementor-mobile-position-top elementor-widget elementor-widget-icon-box\"   data-id=\"e99009f\"  data-element_type=\"widget\" data-widget_type=\"icon-box.default\">\n\t\t\t\t<div class=\"elementor-widget-container\">\n\t\t\t\t\t<div class=\"elementor-icon-box-wrapper\">\n\t\t\t\t\t\t<div class=\"elementor-icon-box-icon\">\n\t\t\t\t<span  class=\"elementor-icon elementor-animation-\">\n\t\t\t\t<i class=\"fa fa-home\" aria-hidden=\"true\"><\/i>\t\t\t\t<\/span>\n\t\t\t<\/div>\n\t\t\t\t\t\t<div class=\"elementor-icon-box-content\">\n\t\t\t\t<h3 class=\"elementor-icon-box-title\">\n\t\t\t\t\t<span  >\n\t\t\t\t\t\tVisit us\t\t\t\t\t<\/span>\n\t\t\t\t<\/h3>\n\t\t\t\t\t\t\t\t\t<p class=\"elementor-icon-box-description\">\n\t\t\t\t\t\tH\u00f6hstra\u00dfe 31 <br>D-66978 Merzalben\t\t\t\t\t<\/p>\n\t\t\t\t\t\t\t<\/div>\n\t\t<\/div>\n\t\t\t\t<\/div>\n\t\t\t\t<\/div>\n\t\t\t\t<div class=\"elementor-element elementor-element-3acc381 elementor-widget elementor-widget-google_maps\"   data-id=\"3acc381\"   data-element_type=\"widget\"   data-widget_type=\"google_maps.default\">\n\t\t\t\t<div class=\"elementor-widget-container\">\n\t\t\t\t\t<div class=\"elementor-custom-embed\">\n\t\t\t<iframe loading=\"lazy\"  \n\t\t\t\t\tsrc=\"https:\/\/maps.google.com\/maps?q=H%C3%B6hstra%C3%9Fe%2031%2C%2066978%20Merzalben&#038;t=m&#038;z=10&#038;output=embed&#038;iwloc=near\"  \n\t\t\t\t\ttitle=\"H\u00f6hstra\u00dfe 31, 66978 Merzalben\"  \n\t\t\t\t\taria-label=\"H\u00f6hstra\u00dfe 31, 66978 Merzalben\"\n\t\t\t><\/iframe>\n\t\t<\/div>\n\t\t\t\t<\/div>\n\t\t\t\t<\/div>\n\t\t\t\t\t<\/div>\n\t\t<\/div>\n\t\t\t\t<div class=\"elementor-column elementor-col-33 elementor-top-column elementor-element elementor-element-e7716a6\"   data-id=\"e7716a6\"   data-element_type=\"column\">\n\t\t\t<div class=\"elementor-widget-wrap elementor-element-populated\">\n\t\t\t\t\t\t<div class=\"elementor-element elementor-element-ee32406 elementor-view-default elementor-position-top elementor-mobile-position-top elementor-widget elementor-widget-icon-box\"   data-id=\"ee32406\"   data-element_type=\"widget\"  data-widget_type=\"icon-box.default\">\n\t\t\t\t<div class=\"elementor-widget-container\">\n\t\t\t\t\t<div class=\"elementor-icon-box-wrapper\">\n\t\t\t\t\t\t<div class=\"elementor-icon-box-icon\">\n\t\t\t\t<a href=\"tel:06395-92190\"   class=\"elementor-icon elementor-animation-\"  tabindex=\"-1\">\n\t\t\t\t<i class=\"fa fa-phone\"   aria-hidden=\"true\"><\/i>\t\t\t\t<\/a>\n\t\t\t<\/div>\n\t\t\t\t\t\t<div class=\"elementor-icon-box-content\">\n\t\t\t\t<h3 class=\"elementor-icon-box-title\">\n\t\t\t\t\t<a href=\"tel:06395-92190\" >\n\t\t\t\t\t\tCall us\t\t\t\t\t<\/a>\n\t\t\t\t<\/h3>\n\t\t\t\t\t\t\t\t\t<p class=\"elementor-icon-box-description\">\n\t\t\t\t\t\tTel: 06395-92190\n<br> Fax: 06395-7714\n\t\t\t\t\t<\/p>\n\t\t\t\t\t\t\t<\/div>\n\t\t<\/div>\n\t\t\t\t<\/div>\n\t\t\t\t<\/div>\n\t\t\t\t\t<\/div>\n\t\t<\/div>\n\t\t\t\t<div class=\"elementor-column elementor-col-33 elementor-top-column elementor-element elementor-element-84edcd1\"   data-id=\"84edcd1\"   data-element_type=\"column\">\n\t\t\t<div class=\"elementor-widget-wrap elementor-element-populated\">\n\t\t\t\t\t\t<div class=\"elementor-element elementor-element-4bbb124 elementor-view-default elementor-position-top elementor-mobile-position-top elementor-widget elementor-widget-icon-box\"   data-id=\"4bbb124\"   data-element_type=\"widget\"   data-widget_type=\"icon-box.default\">\n\t\t\t\t<div class=\"elementor-widget-container\">\n\t\t\t\t\t<div class=\"elementor-icon-box-wrapper\">\n\t\t\t\t\t\t<div class=\"elementor-icon-box-icon\">\n\t\t\t\t<a href=\"mailto:susanne.voulade@dockersbygerli.de\"   class=\"elementor-icon elementor-animation-\"  tabindex=\"-1\">\n\t\t\t\t<i aria-hidden=\"true\"   class=\"far fa-envelope\"><\/i>\t\t\t\t<\/a>\n\t\t\t<\/div>\n\t\t\t\t\t\t<div class=\"elementor-icon-box-content\">\n\t\t\t\t<h3 class=\"elementor-icon-box-title\">\n\t\t\t\t\t<a href=\"mailto:susanne.voulade@dockersbygerli.de\" >\n\t\t\t\t\t\tContact us\t\t\t\t\t<\/a>\n\t\t\t\t<\/h3>\n\t\t\t\t\t\t\t\t\t<p class=\"elementor-icon-box-description\">\n\t\t\t\t\t\tsusanne.voulade@dockersbygerli.de\t\t\t\t\t<\/p>\n\t\t\t\t\t\t\t<\/div>\n\t\t<\/div>\n\t\t\t\t<\/div>\n\t\t\t\t<\/div>\n\t\t\t\t\t<\/div>\n\t\t<\/div>\n\t\t\t\t\t<\/div>\n\t\t<\/section>\n\t\t\t\t<\/div>","protected":false},"excerpt":{"rendered":"<p>Online-ASsistent im bereich sales Als zus\u00e4tzliche Unterst\u00fctzung in unserem Hauptsitz in Merzalben suchen wir einen Online-Assistenten (m\/w\/d) in Vollzeit im Bereich Sales. Du kannst zuk\u00fcnftig Dockers by Gerli beim Ermitteln der Sales-Kennzahlen unterst\u00fctzen, sodass wir uns nachhaltig ausrichten k\u00f6nnen. Zusammen gestalten wir mit dir die Zukunft unserer Marke! Als zus\u00e4tzliche Unterst\u00fctzung in unserem Hauptsitz in [&hellip;]<\/p>","protected":false},"author":8,"featured_media":0,"parent":2027,"menu_order":0,"comment_status":"closed","ping_status":"closed","template":"","meta":{"ocean_post_layout":"full-screen","ocean_both_sidebars_style":"","ocean_both_sidebars_content_width":0,"ocean_both_sidebars_sidebars_width":0,"ocean_sidebar":"0","ocean_second_sidebar":"0","ocean_disable_margins":"enable","ocean_add_body_class":"","ocean_shortcode_before_top_bar":"","ocean_shortcode_after_top_bar":"","ocean_shortcode_before_header":"","ocean_shortcode_after_header":"","ocean_has_shortcode":"","ocean_shortcode_after_title":"","ocean_shortcode_before_footer_widgets":"","ocean_shortcode_after_footer_widgets":"","ocean_shortcode_before_footer_bottom":"","ocean_shortcode_after_footer_bottom":"","ocean_display_top_bar":"default","ocean_display_header":"default","ocean_header_style":"","ocean_center_header_left_menu":"0","ocean_custom_header_template":"0","ocean_custom_logo":0,"ocean_custom_retina_logo":0,"ocean_custom_logo_max_width":0,"ocean_custom_logo_tablet_max_width":0,"ocean_custom_logo_mobile_max_width":0,"ocean_custom_logo_max_height":0,"ocean_custom_logo_tablet_max_height":0,"ocean_custom_logo_mobile_max_height":0,"ocean_header_custom_menu":"0","ocean_menu_typo_font_family":"0","ocean_menu_typo_font_subset":"","ocean_menu_typo_font_size":0,"ocean_menu_typo_font_size_tablet":0,"ocean_menu_typo_font_size_mobile":0,"ocean_menu_typo_font_size_unit":"px","ocean_menu_typo_font_weight":"","ocean_menu_typo_font_weight_tablet":"","ocean_menu_typo_font_weight_mobile":"","ocean_menu_typo_transform":"","ocean_menu_typo_transform_tablet":"","ocean_menu_typo_transform_mobile":"","ocean_menu_typo_line_height":0,"ocean_menu_typo_line_height_tablet":0,"ocean_menu_typo_line_height_mobile":0,"ocean_menu_typo_line_height_unit":"","ocean_menu_typo_spacing":0,"ocean_menu_typo_spacing_tablet":0,"ocean_menu_typo_spacing_mobile":0,"ocean_menu_typo_spacing_unit":"","ocean_menu_link_color":"","ocean_menu_link_color_hover":"","ocean_menu_link_color_active":"","ocean_menu_link_background":"","ocean_menu_link_hover_background":"","ocean_menu_link_active_background":"","ocean_menu_social_links_bg":"","ocean_menu_social_hover_links_bg":"","ocean_menu_social_links_color":"","ocean_menu_social_hover_links_color":"","ocean_disable_title":"on","ocean_disable_heading":"default","ocean_post_title":"","ocean_post_subheading":"","ocean_post_title_style":"","ocean_post_title_background_color":"","ocean_post_title_background":0,"ocean_post_title_bg_image_position":"","ocean_post_title_bg_image_attachment":"","ocean_post_title_bg_image_repeat":"","ocean_post_title_bg_image_size":"","ocean_post_title_height":0,"ocean_post_title_bg_overlay":0.5,"ocean_post_title_bg_overlay_color":"","ocean_disable_breadcrumbs":"default","ocean_breadcrumbs_color":"","ocean_breadcrumbs_separator_color":"","ocean_breadcrumbs_links_color":"","ocean_breadcrumbs_links_hover_color":"","ocean_display_footer_widgets":"default","ocean_display_footer_bottom":"default","ocean_custom_footer_template":"0","footnotes":""},"_links":{"self":[{"href":"https:\/\/dockersbygerli.de\/en\/wp-json\/wp\/v2\/pages\/5703"}],"collection":[{"href":"https:\/\/dockersbygerli.de\/en\/wp-json\/wp\/v2\/pages"}],"about":[{"href":"https:\/\/dockersbygerli.de\/en\/wp-json\/wp\/v2\/types\/page"}],"author":[{"embeddable":true,"href":"https:\/\/dockersbygerli.de\/en\/wp-json\/wp\/v2\/users\/8"}],"replies":[{"embeddable":true,"href":"https:\/\/dockersbygerli.de\/en\/wp-json\/wp\/v2\/comments?post=5703"}],"version-history":[{"count":13,"href":"https:\/\/dockersbygerli.de\/en\/wp-json\/wp\/v2\/pages\/5703\/revisions"}],"predecessor-version":[{"id":5720,"href":"https:\/\/dockersbygerli.de\/en\/wp-json\/wp\/v2\/pages\/5703\/revisions\/5720"}],"up":[{"embeddable":true,"href":"https:\/\/dockersbygerli.de\/en\/wp-json\/wp\/v2\/pages\/2027"}],"wp:attachment":[{"href":"https:\/\/dockersbygerli.de\/en\/wp-json\/wp\/v2\/media?parent=5703"}],"curies":[{"name":"wp","href":"https:\/\/api.w.org\/{rel}","templated":true}]}}